{"id":13,"date":"2017-01-13T01:08:35","date_gmt":"2017-01-13T01:08:35","guid":{"rendered":"http:\/\/tintavital.com\/ix\/?page_id=13"},"modified":"2017-01-13T21:55:58","modified_gmt":"2017-01-14T03:55:58","slug":"por-que-comics","status":"publish","type":"page","link":"http:\/\/tintavital.com\/ix\/en\/por-que-comics\/","title":{"rendered":"Why Comics?"},"content":{"rendered":"<p>The potential success of wilderness preservation lies in the hands of local, rural\u00a0inhabitants who rarely read books, magazines, or newspapers, and seldom have Internet access. But they\u00a0<em>are<\/em>\u00a0likely to read printed comic books, particularly if these are designed for them, reflect their situation and offer solutions to their livelihoods. TINTA VITAL, a great little Mexican start-up company, was created to address this need.<\/p>\n<p>&nbsp;<\/p>\n<p>Comic books can be highly effective, for they remain in the area and can be read more than once and by several people. A well thought-out comic book strategy can reach large numbers of local inhabitants and, as a result, field conservationists can venture into wild areas in a friendlier, more receptive social environment.<\/p>","protected":false},"excerpt":{"rendered":"<p>The potential success of wilderness preservation lies in the hands of local, rural\u00a0inhabitants who rarely read books, magazines, or newspapers, and seldom have Internet access. But they\u00a0are\u00a0likely to read printed comic books, particularly if these are designed for them, reflect their situation and offer solutions to their livelihoods. TINTA VITAL, a great little Mexican start-up &hellip; <\/p>\n<p class=\"link-more\"><a href=\"http:\/\/tintavital.com\/ix\/en\/por-que-comics\/\" class=\"more-link\">Read more<span class=\"screen-reader-text\"> &#8220;Why Comics?&#8221;<\/span><\/a><\/p>\n","protected":false},"author":1,"featured_media":0,"parent":0,"menu_order":0,"comment_status":"closed","ping_status":"closed","template":"","meta":{"advanced_seo_description":"","spay_email":""},"jetpack_sharing_enabled":true,"jetpack_shortlink":"https:\/\/wp.me\/P8i2L5-d","jetpack-related-posts":[{"id":50,"url":"http:\/\/tintavital.com\/ix\/en\/acerca-de-nosotros\/beatriz-padilla\/","url_meta":{"origin":13,"position":0},"title":"Beatriz Padilla","date":"Friday January 13th, 2017","format":false,"excerpt":"President, Tinta Vital, S. de R.L. de C.V. President, Fundaci\u00f3n Bi\u00f3sfera del An\u00e1huac, A.C. (FUNBA) beatriz@tintavital.com The Mexican painter beatrizpadilla has devoted her life to the environment from very original perspectives, founding and leading projects such as the design and construction of Mexico\u2019s first transcontinental solar racecar, Mexico\u2019s and Guatemala\u2019s\u2026","rel":"","context":"Similar post","img":{"alt_text":"","src":"","width":0,"height":0},"classes":[]},{"id":17,"url":"http:\/\/tintavital.com\/ix\/en\/comics\/","url_meta":{"origin":13,"position":1},"title":"The Secret Of Future Forest\u2026","date":"Friday January 13th, 2017","format":false,"excerpt":"The Secret Of Future Forest Feet On The Ground. Anna's Forest. WILD 10's Nurdlor Enigma.","rel":"","context":"Similar post","img":{"alt_text":"","src":"https:\/\/i0.wp.com\/tintavital.com\/ix\/wp-content\/uploads\/2021\/01\/Los_secretos_de_los_bosques_del_futuro.jpg?resize=350%2C200","width":350,"height":200},"classes":[]},{"id":62,"url":"http:\/\/tintavital.com\/ix\/en\/acerca-de-nosotros\/emilio-arias\/","url_meta":{"origin":13,"position":2},"title":"Emilio Arias","date":"Friday January 13th, 2017","format":false,"excerpt":"Vicepresident, Tinta Vital, S. de R.L. de C.V. emilio@tintavital.com A lover of Deep Ecology, Emilio, a Mexican social activist, has devoted his entire life to the environment. He is a permaculturalist with 18 years experience in the fields of bioconstruction techniques, permaculture, eco-techniques and urban agriculture. As a member of\u2026","rel":"","context":"Similar post","img":{"alt_text":"","src":"","width":0,"height":0},"classes":[]},{"id":11,"url":"http:\/\/tintavital.com\/ix\/en\/acerca-de-nosotros\/","url_meta":{"origin":13,"position":3},"title":"About us","date":"Friday January 13th, 2017","format":false,"excerpt":"The aim of TINTA VITAL is to develop the capacity to simultaneously work on at least 15 comic book projects for various regions around the world. We are putting together a dynamic team of professional script-writers, illustrators and advisers to produce really good stories laden with humor, romance, dramatic tension,\u2026","rel":"","context":"Similar post","img":{"alt_text":"","src":"","width":0,"height":0},"classes":[]},{"id":66,"url":"http:\/\/tintavital.com\/ix\/en\/acerca-de-nosotros\/eduardo-guzman\/","url_meta":{"origin":13,"position":4},"title":"Eduardo Guzm\u00e1n","date":"Friday January 13th, 2017","format":false,"excerpt":"Editorial Executive Officer, Tinta Vital, S. de R.L. de C.V. eduardo@tintavital.com Eduardo is a poet and cultural community promoter. With a B.A. in Sociology from Mexico's National Autonomous University (UNAM),\u00a0 he has over 25 years of field experience in Native American and farming communities, promoting self-sustainability, permaculture and community\/environmental culture\u2026","rel":"","context":"Similar post","img":{"alt_text":"","src":"","width":0,"height":0},"classes":[]},{"id":58,"url":"http:\/\/tintavital.com\/ix\/en\/acerca-de-nosotros\/english-patricia-monroy\/","url_meta":{"origin":13,"position":5},"title":"Patricia Monroy","date":"Friday January 13th, 2017","format":false,"excerpt":"CEO, Tinta Vital, S. de R.L. de C.V. patricia@tintavital.com Office: + 52 (55) 5082 8119 Mobile: + 52 1 (55) 6706 3296 Patricia has a B. A. on International Relations by Mexico's National Autonomous University (UNAM). Since 2004 she has devoted her life to working for the environment, collaborating with\u2026","rel":"","context":"Similar post","img":{"alt_text":"","src":"","width":0,"height":0},"classes":[]}],"_links":{"self":[{"href":"http:\/\/tintavital.com\/ix\/en\/wp-json\/wp\/v2\/pages\/13"}],"collection":[{"href":"http:\/\/tintavital.com\/ix\/en\/wp-json\/wp\/v2\/pages"}],"about":[{"href":"http:\/\/tintavital.com\/ix\/en\/wp-json\/wp\/v2\/types\/page"}],"author":[{"embeddable":true,"href":"http:\/\/tintavital.com\/ix\/en\/wp-json\/wp\/v2\/users\/1"}],"replies":[{"embeddable":true,"href":"http:\/\/tintavital.com\/ix\/en\/wp-json\/wp\/v2\/comments?post=13"}],"version-history":[{"count":5,"href":"http:\/\/tintavital.com\/ix\/en\/wp-json\/wp\/v2\/pages\/13\/revisions"}],"predecessor-version":[{"id":151,"href":"http:\/\/tintavital.com\/ix\/en\/wp-json\/wp\/v2\/pages\/13\/revisions\/151"}],"wp:attachment":[{"href":"http:\/\/tintavital.com\/ix\/en\/wp-json\/wp\/v2\/media?parent=13"}],"curies":[{"name":"wp","href":"https:\/\/api.w.org\/{rel}","templated":true}]}}