{"id":15,"date":"2017-01-13T01:09:42","date_gmt":"2017-01-13T01:09:42","guid":{"rendered":"http:\/\/tintavital.com\/ix\/?page_id=15"},"modified":"2017-01-13T22:03:47","modified_gmt":"2017-01-14T04:03:47","slug":"contacto","status":"publish","type":"page","link":"http:\/\/tintavital.com\/ix\/en\/contacto\/","title":{"rendered":"Contact"},"content":{"rendered":"<p>Office:\u00a0\u00a0 + 52 (55) 5082 8119<\/p>\n<p>Email:\u00a0\u00a0\u00a0\u00a0 info@tintavital.com<\/p>\n<p>Our office is located in Mexico City.<\/p>\n<p>&nbsp;<\/p>\n<p><div id='contact-form-15'>\n<form action='http:\/\/tintavital.com\/ix\/en\/contacto\/#contact-form-15' method='post' class='contact-form commentsblock'>\n<script>\n\t\t\t( function () {\n\t\t\t\tconst contact_forms = document.getElementsByClassName('contact-form');\n\n\t\t\t\tfor ( const form of contact_forms ) {\n\t\t\t\t\tform.onsubmit = function() {\n\t\t\t\t\t\tconst buttons = form.getElementsByTagName('button');\n\n\t\t\t\t\t\tfor( const button of buttons ) {\n\t\t\t\t\t\t\tbutton.setAttribute('disabled', true);\n\t\t\t\t\t\t}\n\t\t\t\t\t}\n\t\t\t\t}\n\t\t\t} )();\n\t\t<\/script>\n<div class='grunion-field-wrap grunion-field-name-wrap'  >\n<label\n\t\t\t\tfor='g15-name'\n\t\t\t\tclass='grunion-field-label name'\n\t\t\t\t>Name<span>(required)<\/span><\/label>\n<input\n\t\t\t\t\ttype='text'\n\t\t\t\t\tname='g15-name'\n\t\t\t\t\tid='g15-name'\n\t\t\t\t\tvalue=''\n\t\t\t\t\tclass='name' \n\t\t\t\t\trequired aria-required='true'\n\t\t\t\t\/>\n\t<\/div>\n\n<div class='grunion-field-wrap grunion-field-email-wrap'  >\n<label\n\t\t\t\tfor='g15-email'\n\t\t\t\tclass='grunion-field-label email'\n\t\t\t\t>Email<span>(required)<\/span><\/label>\n<input\n\t\t\t\t\ttype='email'\n\t\t\t\t\tname='g15-email'\n\t\t\t\t\tid='g15-email'\n\t\t\t\t\tvalue=''\n\t\t\t\t\tclass='email' \n\t\t\t\t\trequired aria-required='true'\n\t\t\t\t\/>\n\t<\/div>\n\n<div class='grunion-field-wrap grunion-field-url-wrap'  >\n<label\n\t\t\t\tfor='g15-website'\n\t\t\t\tclass='grunion-field-label url'\n\t\t\t\t>Website<\/label>\n<input\n\t\t\t\t\ttype='url'\n\t\t\t\t\tname='g15-website'\n\t\t\t\t\tid='g15-website'\n\t\t\t\t\tvalue=''\n\t\t\t\t\tclass='url' \n\t\t\t\t\t\n\t\t\t\t\/>\n\t<\/div>\n\n<div class='grunion-field-wrap grunion-field-textarea-wrap'  >\n<label\n\t\t\t\tfor='contact-form-comment-g15-comment'\n\t\t\t\tclass='grunion-field-label textarea'\n\t\t\t\t>Comment<span>(required)<\/span><\/label>\n<textarea\n\t\t                name='g15-comment'\n\t\t                id='contact-form-comment-g15-comment'\n\t\t                rows='20' class='textarea'  required aria-required='true'><\/textarea>\n\t<\/div>\n\t<p class='contact-submit'>\n\t\t<button type='submit' class='pushbutton-wide'>Submit<\/button>\t\t<input type='hidden' name='contact-form-id' value='15' \/>\n\t\t<input type='hidden' name='action' value='grunion-contact-form' \/>\n\t\t<input type='hidden' name='contact-form-hash' value='d62c464153ad9a215e267c2465919460ee2cfd3f' \/>\n\t<\/p>\n<p style=\"display: none !important;\"><label>&#916;<textarea name=\"ak_hp_textarea\" cols=\"45\" rows=\"8\" maxlength=\"100\"><\/textarea><\/label><input type=\"hidden\" id=\"ak_js_2\" name=\"ak_js\" value=\"96\"\/><script>document.getElementById( \"ak_js_2\" ).setAttribute( \"value\", ( new Date() ).getTime() );<\/script><\/p><\/form>\n<\/div><\/p>","protected":false},"excerpt":{"rendered":"<p>Office:\u00a0\u00a0 + 52 (55) 5082 8119 Email:\u00a0\u00a0\u00a0\u00a0 info@tintavital.com Our office is located in Mexico City. &nbsp;<\/p>\n","protected":false},"author":1,"featured_media":0,"parent":0,"menu_order":0,"comment_status":"closed","ping_status":"closed","template":"","meta":{"advanced_seo_description":"","spay_email":""},"jetpack_sharing_enabled":true,"jetpack_shortlink":"https:\/\/wp.me\/P8i2L5-f","jetpack-related-posts":[{"id":58,"url":"http:\/\/tintavital.com\/ix\/en\/acerca-de-nosotros\/english-patricia-monroy\/","url_meta":{"origin":15,"position":0},"title":"Patricia Monroy","date":"Friday January 13th, 2017","format":false,"excerpt":"CEO, Tinta Vital, S. de R.L. de C.V. patricia@tintavital.com Office: + 52 (55) 5082 8119 Mobile: + 52 1 (55) 6706 3296 Patricia has a B. A. on International Relations by Mexico's National Autonomous University (UNAM). Since 2004 she has devoted her life to working for the environment, collaborating with\u2026","rel":"","context":"Similar post","img":{"alt_text":"","src":"","width":0,"height":0},"classes":[]},{"id":66,"url":"http:\/\/tintavital.com\/ix\/en\/acerca-de-nosotros\/eduardo-guzman\/","url_meta":{"origin":15,"position":1},"title":"Eduardo Guzm\u00e1n","date":"Friday January 13th, 2017","format":false,"excerpt":"Editorial Executive Officer, Tinta Vital, S. de R.L. de C.V. eduardo@tintavital.com Eduardo is a poet and cultural community promoter. With a B.A. in Sociology from Mexico's National Autonomous University (UNAM),\u00a0 he has over 25 years of field experience in Native American and farming communities, promoting self-sustainability, permaculture and community\/environmental culture\u2026","rel":"","context":"Similar post","img":{"alt_text":"","src":"","width":0,"height":0},"classes":[]},{"id":13,"url":"http:\/\/tintavital.com\/ix\/en\/por-que-comics\/","url_meta":{"origin":15,"position":2},"title":"Why Comics?","date":"Friday January 13th, 2017","format":false,"excerpt":"The potential success of wilderness preservation lies in the hands of local, rural\u00a0inhabitants who rarely read books, magazines, or newspapers, and seldom have Internet access. But they\u00a0are\u00a0likely to read printed comic books, particularly if these are designed for them, reflect their situation and offer solutions to their livelihoods. TINTA VITAL,\u2026","rel":"","context":"Similar post","img":{"alt_text":"","src":"","width":0,"height":0},"classes":[]},{"id":62,"url":"http:\/\/tintavital.com\/ix\/en\/acerca-de-nosotros\/emilio-arias\/","url_meta":{"origin":15,"position":3},"title":"Emilio Arias","date":"Friday January 13th, 2017","format":false,"excerpt":"Vicepresident, Tinta Vital, S. de R.L. de C.V. emilio@tintavital.com A lover of Deep Ecology, Emilio, a Mexican social activist, has devoted his entire life to the environment. He is a permaculturalist with 18 years experience in the fields of bioconstruction techniques, permaculture, eco-techniques and urban agriculture. As a member of\u2026","rel":"","context":"Similar post","img":{"alt_text":"","src":"","width":0,"height":0},"classes":[]},{"id":50,"url":"http:\/\/tintavital.com\/ix\/en\/acerca-de-nosotros\/beatriz-padilla\/","url_meta":{"origin":15,"position":4},"title":"Beatriz Padilla","date":"Friday January 13th, 2017","format":false,"excerpt":"President, Tinta Vital, S. de R.L. de C.V. President, Fundaci\u00f3n Bi\u00f3sfera del An\u00e1huac, A.C. (FUNBA) beatriz@tintavital.com The Mexican painter beatrizpadilla has devoted her life to the environment from very original perspectives, founding and leading projects such as the design and construction of Mexico\u2019s first transcontinental solar racecar, Mexico\u2019s and Guatemala\u2019s\u2026","rel":"","context":"Similar post","img":{"alt_text":"","src":"","width":0,"height":0},"classes":[]}],"_links":{"self":[{"href":"http:\/\/tintavital.com\/ix\/en\/wp-json\/wp\/v2\/pages\/15"}],"collection":[{"href":"http:\/\/tintavital.com\/ix\/en\/wp-json\/wp\/v2\/pages"}],"about":[{"href":"http:\/\/tintavital.com\/ix\/en\/wp-json\/wp\/v2\/types\/page"}],"author":[{"embeddable":true,"href":"http:\/\/tintavital.com\/ix\/en\/wp-json\/wp\/v2\/users\/1"}],"replies":[{"embeddable":true,"href":"http:\/\/tintavital.com\/ix\/en\/wp-json\/wp\/v2\/comments?post=15"}],"version-history":[{"count":12,"href":"http:\/\/tintavital.com\/ix\/en\/wp-json\/wp\/v2\/pages\/15\/revisions"}],"predecessor-version":[{"id":150,"href":"http:\/\/tintavital.com\/ix\/en\/wp-json\/wp\/v2\/pages\/15\/revisions\/150"}],"wp:attachment":[{"href":"http:\/\/tintavital.com\/ix\/en\/wp-json\/wp\/v2\/media?parent=15"}],"curies":[{"name":"wp","href":"https:\/\/api.w.org\/{rel}","templated":true}]}}