{"id":50,"date":"2017-01-13T09:08:59","date_gmt":"2017-01-13T15:08:59","guid":{"rendered":"http:\/\/tintavital.com\/ix\/?page_id=50"},"modified":"2017-01-13T22:02:08","modified_gmt":"2017-01-14T04:02:08","slug":"beatriz-padilla","status":"publish","type":"page","link":"http:\/\/tintavital.com\/ix\/en\/acerca-de-nosotros\/beatriz-padilla\/","title":{"rendered":"Beatriz Padilla"},"content":{"rendered":"<p><img data-attachment-id=\"84\" data-permalink=\"http:\/\/tintavital.com\/ix\/en\/acerca-de-nosotros\/beatriz-padilla\/bea1-baja-resolucion\/\" data-orig-file=\"https:\/\/i0.wp.com\/tintavital.com\/ix\/wp-content\/uploads\/2017\/01\/Bea1-baja-resolucio\u0301n.jpg?fit=2700%2C1990\" data-orig-size=\"2700,1990\" data-comments-opened=\"1\" data-image-meta=\"{&quot;aperture&quot;:&quot;0&quot;,&quot;credit&quot;:&quot;&quot;,&quot;camera&quot;:&quot;&quot;,&quot;caption&quot;:&quot;&quot;,&quot;created_timestamp&quot;:&quot;0&quot;,&quot;copyright&quot;:&quot;&quot;,&quot;focal_length&quot;:&quot;0&quot;,&quot;iso&quot;:&quot;0&quot;,&quot;shutter_speed&quot;:&quot;0&quot;,&quot;title&quot;:&quot;&quot;,&quot;orientation&quot;:&quot;0&quot;}\" data-image-title=\"Bea1, baja resolucio\u0301n\" data-image-description=\"\" data-image-caption=\"\" data-medium-file=\"https:\/\/i0.wp.com\/tintavital.com\/ix\/wp-content\/uploads\/2017\/01\/Bea1-baja-resolucio\u0301n.jpg?fit=300%2C221\" data-large-file=\"https:\/\/i0.wp.com\/tintavital.com\/ix\/wp-content\/uploads\/2017\/01\/Bea1-baja-resolucio\u0301n.jpg?fit=950%2C700\" loading=\"lazy\" class=\" wp-image-84 alignleft\" src=\"https:\/\/i0.wp.com\/tintavital.com\/ix\/wp-content\/uploads\/2017\/01\/Bea1-baja-resolucio\u0301n.jpg?resize=232%2C168\" alt=\"\" width=\"232\" height=\"168\" data-recalc-dims=\"1\" \/>President, Tinta Vital, S. de R.L. de C.V.<\/p>\n<p>President, Fundaci\u00f3n Bi\u00f3sfera del An\u00e1huac, A.C. (FUNBA)<\/p>\n<p>beatriz@tintavital.com<\/p>\n<p>The Mexican painter <em>beatrizpadilla <\/em>has devoted her life to the environment from very original perspectives, founding and leading projects such as the design and construction of Mexico\u2019s first transcontinental solar racecar, Mexico\u2019s and Guatemala\u2019s intercollegiate electric vehicle racing championships<em>,<\/em> Mexico\u2019s Advanced Battery Consortium, the creation of a think-tank for the conservation of Mexico\u2019s <em>Water Forest <\/em>and the production of comic books for wilderness conservation.<\/p>\n<p>In 2005 she began her project <em>Wilderness Conservation Painting Expeditions <\/em>(www.beatrizpadilla.org). To date, throughout 31 expeditions, she has painted <em>in situ <\/em>endangered and protected wild areas in Africa, Europe, the Caribbean and the American Continent. By means of this project she generates funds for the conservation of two wild areas towards which she has a long-term commitment: central Mexico\u2019s <em>Water Forest<\/em> and the Maya jungle that lies between Mexico and Guatemala.<\/p>","protected":false},"excerpt":{"rendered":"<p>President, Tinta Vital, S. de R.L. de C.V. President, Fundaci\u00f3n Bi\u00f3sfera del An\u00e1huac, A.C. (FUNBA) beatriz@tintavital.com The Mexican painter beatrizpadilla has devoted her life to the environment from very original perspectives, founding and leading projects such as the design and construction of Mexico\u2019s first transcontinental solar racecar, Mexico\u2019s and Guatemala\u2019s intercollegiate electric vehicle racing championships, &hellip; <\/p>\n<p class=\"link-more\"><a href=\"http:\/\/tintavital.com\/ix\/en\/acerca-de-nosotros\/beatriz-padilla\/\" class=\"more-link\">Read more<span class=\"screen-reader-text\"> &#8220;Beatriz Padilla&#8221;<\/span><\/a><\/p>\n","protected":false},"author":1,"featured_media":0,"parent":11,"menu_order":0,"comment_status":"closed","ping_status":"closed","template":"","meta":{"advanced_seo_description":"","spay_email":""},"jetpack_sharing_enabled":true,"jetpack_shortlink":"https:\/\/wp.me\/P8i2L5-O","jetpack-related-posts":[{"id":13,"url":"http:\/\/tintavital.com\/ix\/en\/por-que-comics\/","url_meta":{"origin":50,"position":0},"title":"Why Comics?","date":"Friday January 13th, 2017","format":false,"excerpt":"The potential success of wilderness preservation lies in the hands of local, rural\u00a0inhabitants who rarely read books, magazines, or newspapers, and seldom have Internet access. But they\u00a0are\u00a0likely to read printed comic books, particularly if these are designed for them, reflect their situation and offer solutions to their livelihoods. TINTA VITAL,\u2026","rel":"","context":"Similar post","img":{"alt_text":"","src":"","width":0,"height":0},"classes":[]},{"id":62,"url":"http:\/\/tintavital.com\/ix\/en\/acerca-de-nosotros\/emilio-arias\/","url_meta":{"origin":50,"position":1},"title":"Emilio Arias","date":"Friday January 13th, 2017","format":false,"excerpt":"Vicepresident, Tinta Vital, S. de R.L. de C.V. emilio@tintavital.com A lover of Deep Ecology, Emilio, a Mexican social activist, has devoted his entire life to the environment. He is a permaculturalist with 18 years experience in the fields of bioconstruction techniques, permaculture, eco-techniques and urban agriculture. As a member of\u2026","rel":"","context":"Similar post","img":{"alt_text":"","src":"","width":0,"height":0},"classes":[]},{"id":11,"url":"http:\/\/tintavital.com\/ix\/en\/acerca-de-nosotros\/","url_meta":{"origin":50,"position":2},"title":"About us","date":"Friday January 13th, 2017","format":false,"excerpt":"The aim of TINTA VITAL is to develop the capacity to simultaneously work on at least 15 comic book projects for various regions around the world. We are putting together a dynamic team of professional script-writers, illustrators and advisers to produce really good stories laden with humor, romance, dramatic tension,\u2026","rel":"","context":"Similar post","img":{"alt_text":"","src":"","width":0,"height":0},"classes":[]},{"id":58,"url":"http:\/\/tintavital.com\/ix\/en\/acerca-de-nosotros\/english-patricia-monroy\/","url_meta":{"origin":50,"position":3},"title":"Patricia Monroy","date":"Friday January 13th, 2017","format":false,"excerpt":"CEO, Tinta Vital, S. de R.L. de C.V. patricia@tintavital.com Office: + 52 (55) 5082 8119 Mobile: + 52 1 (55) 6706 3296 Patricia has a B. A. on International Relations by Mexico's National Autonomous University (UNAM). Since 2004 she has devoted her life to working for the environment, collaborating with\u2026","rel":"","context":"Similar post","img":{"alt_text":"","src":"","width":0,"height":0},"classes":[]},{"id":66,"url":"http:\/\/tintavital.com\/ix\/en\/acerca-de-nosotros\/eduardo-guzman\/","url_meta":{"origin":50,"position":4},"title":"Eduardo Guzm\u00e1n","date":"Friday January 13th, 2017","format":false,"excerpt":"Editorial Executive Officer, Tinta Vital, S. de R.L. de C.V. eduardo@tintavital.com Eduardo is a poet and cultural community promoter. With a B.A. in Sociology from Mexico's National Autonomous University (UNAM),\u00a0 he has over 25 years of field experience in Native American and farming communities, promoting self-sustainability, permaculture and community\/environmental culture\u2026","rel":"","context":"Similar post","img":{"alt_text":"","src":"","width":0,"height":0},"classes":[]}],"_links":{"self":[{"href":"http:\/\/tintavital.com\/ix\/en\/wp-json\/wp\/v2\/pages\/50"}],"collection":[{"href":"http:\/\/tintavital.com\/ix\/en\/wp-json\/wp\/v2\/pages"}],"about":[{"href":"http:\/\/tintavital.com\/ix\/en\/wp-json\/wp\/v2\/types\/page"}],"author":[{"embeddable":true,"href":"http:\/\/tintavital.com\/ix\/en\/wp-json\/wp\/v2\/users\/1"}],"replies":[{"embeddable":true,"href":"http:\/\/tintavital.com\/ix\/en\/wp-json\/wp\/v2\/comments?post=50"}],"version-history":[{"count":18,"href":"http:\/\/tintavital.com\/ix\/en\/wp-json\/wp\/v2\/pages\/50\/revisions"}],"predecessor-version":[{"id":145,"href":"http:\/\/tintavital.com\/ix\/en\/wp-json\/wp\/v2\/pages\/50\/revisions\/145"}],"up":[{"embeddable":true,"href":"http:\/\/tintavital.com\/ix\/en\/wp-json\/wp\/v2\/pages\/11"}],"wp:attachment":[{"href":"http:\/\/tintavital.com\/ix\/en\/wp-json\/wp\/v2\/media?parent=50"}],"curies":[{"name":"wp","href":"https:\/\/api.w.org\/{rel}","templated":true}]}}