{"id":58,"date":"2017-01-13T09:49:05","date_gmt":"2017-01-13T15:49:05","guid":{"rendered":"http:\/\/tintavital.com\/ix\/?page_id=58"},"modified":"2017-01-13T21:59:21","modified_gmt":"2017-01-14T03:59:21","slug":"english-patricia-monroy","status":"publish","type":"page","link":"http:\/\/tintavital.com\/ix\/en\/acerca-de-nosotros\/english-patricia-monroy\/","title":{"rendered":"Patricia Monroy"},"content":{"rendered":"<p><img data-attachment-id=\"73\" data-permalink=\"http:\/\/tintavital.com\/ix\/en\/acerca-de-nosotros\/english-patricia-monroy\/img_2634\/\" data-orig-file=\"https:\/\/i0.wp.com\/tintavital.com\/ix\/wp-content\/uploads\/2017\/01\/IMG_2634-e1484324648102.jpg?fit=480%2C640\" data-orig-size=\"480,640\" data-comments-opened=\"1\" data-image-meta=\"{&quot;aperture&quot;:&quot;0&quot;,&quot;credit&quot;:&quot;&quot;,&quot;camera&quot;:&quot;&quot;,&quot;caption&quot;:&quot;&quot;,&quot;created_timestamp&quot;:&quot;0&quot;,&quot;copyright&quot;:&quot;&quot;,&quot;focal_length&quot;:&quot;0&quot;,&quot;iso&quot;:&quot;0&quot;,&quot;shutter_speed&quot;:&quot;0&quot;,&quot;title&quot;:&quot;&quot;,&quot;orientation&quot;:&quot;6&quot;}\" data-image-title=\"IMG_2634\" data-image-description=\"\" data-image-caption=\"\" data-medium-file=\"https:\/\/i0.wp.com\/tintavital.com\/ix\/wp-content\/uploads\/2017\/01\/IMG_2634-e1484324648102.jpg?fit=225%2C300\" data-large-file=\"https:\/\/i0.wp.com\/tintavital.com\/ix\/wp-content\/uploads\/2017\/01\/IMG_2634-e1484324648102.jpg?fit=480%2C640\" loading=\"lazy\" class=\"size-medium wp-image-73 alignleft\" src=\"https:\/\/i0.wp.com\/tintavital.com\/ix\/wp-content\/uploads\/2017\/01\/IMG_2634-e1484324648102-225x300.jpg?resize=225%2C300\" alt=\"\" width=\"225\" height=\"300\" srcset=\"https:\/\/i0.wp.com\/tintavital.com\/ix\/wp-content\/uploads\/2017\/01\/IMG_2634-e1484324648102.jpg?resize=225%2C300 225w, https:\/\/i0.wp.com\/tintavital.com\/ix\/wp-content\/uploads\/2017\/01\/IMG_2634-e1484324648102.jpg?w=480 480w\" sizes=\"(max-width: 225px) 100vw, 225px\" data-recalc-dims=\"1\" \/>CEO, Tinta Vital, S. de R.L. de C.V.<\/p>\n<p>patricia@tintavital.com<br \/>\nOffice: + 52 (55) 5082 8119<br \/>\nMobile: + 52 1 (55) 6706 3296<\/p>\n<p>Patricia has a B. A. on International Relations by Mexico&#8217;s National Autonomous University (UNAM). Since 2004 she has devoted her life to working for the environment, collaborating with several organizations and ecological movements.\u00a0 Currently she is a member of<em> Organi-K, A.C.<\/em>, where she collaborates on a project to manage Mexico City\u2019s organic waste and she coordinates local projects in Oaxaca\u2019s Mixteca Mountains and in the Sacred Site of Wirikuta. She is co-founder of the <em>Manos a la tierra<\/em> (<em>Hands to the Earth<\/em>) initiative and of the company <em>Estrategias y Eco-Tecnolog\u00edas Sustentables S.A.P.I. de C.V.<\/em><\/p>\n<p>She was Program Manager for Mexico&#8217;s and Latinamerica\u2019s <em>The Climate Reality Project<\/em> (TCRP Mx &amp; LATAM) where she coordinated during four years the climate leaders network trained by Nobel Peace Prize awardee Al Gore.\u00a0 During five years she was a Mexico Chapter liaison for the <em>United Nations\u2019 Global Youth Action Network<\/em> (a TakingITGlobal initiative).<\/p>","protected":false},"excerpt":{"rendered":"<p>CEO, Tinta Vital, S. de R.L. de C.V. patricia@tintavital.com Office: + 52 (55) 5082 8119 Mobile: + 52 1 (55) 6706 3296 Patricia has a B. A. on International Relations by Mexico&#8217;s National Autonomous University (UNAM). Since 2004 she has devoted her life to working for the environment, collaborating with several organizations and ecological movements.\u00a0 &hellip; <\/p>\n<p class=\"link-more\"><a href=\"http:\/\/tintavital.com\/ix\/en\/acerca-de-nosotros\/english-patricia-monroy\/\" class=\"more-link\">Read more<span class=\"screen-reader-text\"> &#8220;Patricia Monroy&#8221;<\/span><\/a><\/p>\n","protected":false},"author":1,"featured_media":0,"parent":11,"menu_order":0,"comment_status":"closed","ping_status":"closed","template":"","meta":{"advanced_seo_description":"","spay_email":""},"jetpack_sharing_enabled":true,"jetpack_shortlink":"https:\/\/wp.me\/P8i2L5-W","jetpack-related-posts":[{"id":62,"url":"http:\/\/tintavital.com\/ix\/en\/acerca-de-nosotros\/emilio-arias\/","url_meta":{"origin":58,"position":0},"title":"Emilio Arias","date":"Friday January 13th, 2017","format":false,"excerpt":"Vicepresident, Tinta Vital, S. de R.L. de C.V. emilio@tintavital.com A lover of Deep Ecology, Emilio, a Mexican social activist, has devoted his entire life to the environment. He is a permaculturalist with 18 years experience in the fields of bioconstruction techniques, permaculture, eco-techniques and urban agriculture. As a member of\u2026","rel":"","context":"Similar post","img":{"alt_text":"","src":"","width":0,"height":0},"classes":[]},{"id":66,"url":"http:\/\/tintavital.com\/ix\/en\/acerca-de-nosotros\/eduardo-guzman\/","url_meta":{"origin":58,"position":1},"title":"Eduardo Guzm\u00e1n","date":"Friday January 13th, 2017","format":false,"excerpt":"Editorial Executive Officer, Tinta Vital, S. de R.L. de C.V. eduardo@tintavital.com Eduardo is a poet and cultural community promoter. With a B.A. in Sociology from Mexico's National Autonomous University (UNAM),\u00a0 he has over 25 years of field experience in Native American and farming communities, promoting self-sustainability, permaculture and community\/environmental culture\u2026","rel":"","context":"Similar post","img":{"alt_text":"","src":"","width":0,"height":0},"classes":[]},{"id":50,"url":"http:\/\/tintavital.com\/ix\/en\/acerca-de-nosotros\/beatriz-padilla\/","url_meta":{"origin":58,"position":2},"title":"Beatriz Padilla","date":"Friday January 13th, 2017","format":false,"excerpt":"President, Tinta Vital, S. de R.L. de C.V. President, Fundaci\u00f3n Bi\u00f3sfera del An\u00e1huac, A.C. (FUNBA) beatriz@tintavital.com The Mexican painter beatrizpadilla has devoted her life to the environment from very original perspectives, founding and leading projects such as the design and construction of Mexico\u2019s first transcontinental solar racecar, Mexico\u2019s and Guatemala\u2019s\u2026","rel":"","context":"Similar post","img":{"alt_text":"","src":"","width":0,"height":0},"classes":[]},{"id":11,"url":"http:\/\/tintavital.com\/ix\/en\/acerca-de-nosotros\/","url_meta":{"origin":58,"position":3},"title":"About us","date":"Friday January 13th, 2017","format":false,"excerpt":"The aim of TINTA VITAL is to develop the capacity to simultaneously work on at least 15 comic book projects for various regions around the world. We are putting together a dynamic team of professional script-writers, illustrators and advisers to produce really good stories laden with humor, romance, dramatic tension,\u2026","rel":"","context":"Similar post","img":{"alt_text":"","src":"","width":0,"height":0},"classes":[]},{"id":15,"url":"http:\/\/tintavital.com\/ix\/en\/contacto\/","url_meta":{"origin":58,"position":4},"title":"Contact","date":"Friday January 13th, 2017","format":false,"excerpt":"Office:\u00a0\u00a0 + 52 (55) 5082 8119 Email:\u00a0\u00a0\u00a0\u00a0 info@tintavital.com Our office is located in Mexico City. \u00a0","rel":"","context":"Similar post","img":{"alt_text":"","src":"","width":0,"height":0},"classes":[]},{"id":13,"url":"http:\/\/tintavital.com\/ix\/en\/por-que-comics\/","url_meta":{"origin":58,"position":5},"title":"Why Comics?","date":"Friday January 13th, 2017","format":false,"excerpt":"The potential success of wilderness preservation lies in the hands of local, rural\u00a0inhabitants who rarely read books, magazines, or newspapers, and seldom have Internet access. But they\u00a0are\u00a0likely to read printed comic books, particularly if these are designed for them, reflect their situation and offer solutions to their livelihoods. TINTA VITAL,\u2026","rel":"","context":"Similar post","img":{"alt_text":"","src":"","width":0,"height":0},"classes":[]}],"_links":{"self":[{"href":"http:\/\/tintavital.com\/ix\/en\/wp-json\/wp\/v2\/pages\/58"}],"collection":[{"href":"http:\/\/tintavital.com\/ix\/en\/wp-json\/wp\/v2\/pages"}],"about":[{"href":"http:\/\/tintavital.com\/ix\/en\/wp-json\/wp\/v2\/types\/page"}],"author":[{"embeddable":true,"href":"http:\/\/tintavital.com\/ix\/en\/wp-json\/wp\/v2\/users\/1"}],"replies":[{"embeddable":true,"href":"http:\/\/tintavital.com\/ix\/en\/wp-json\/wp\/v2\/comments?post=58"}],"version-history":[{"count":19,"href":"http:\/\/tintavital.com\/ix\/en\/wp-json\/wp\/v2\/pages\/58\/revisions"}],"predecessor-version":[{"id":152,"href":"http:\/\/tintavital.com\/ix\/en\/wp-json\/wp\/v2\/pages\/58\/revisions\/152"}],"up":[{"embeddable":true,"href":"http:\/\/tintavital.com\/ix\/en\/wp-json\/wp\/v2\/pages\/11"}],"wp:attachment":[{"href":"http:\/\/tintavital.com\/ix\/en\/wp-json\/wp\/v2\/media?parent=58"}],"curies":[{"name":"wp","href":"https:\/\/api.w.org\/{rel}","templated":true}]}}