{"id":62,"date":"2017-01-13T09:57:49","date_gmt":"2017-01-13T15:57:49","guid":{"rendered":"http:\/\/tintavital.com\/ix\/?page_id=62"},"modified":"2017-01-13T22:00:32","modified_gmt":"2017-01-14T04:00:32","slug":"emilio-arias","status":"publish","type":"page","link":"http:\/\/tintavital.com\/ix\/en\/acerca-de-nosotros\/emilio-arias\/","title":{"rendered":"Emilio Arias"},"content":{"rendered":"<p><img data-attachment-id=\"90\" data-permalink=\"http:\/\/tintavital.com\/ix\/en\/acerca-de-nosotros\/emilio-arias\/captura-de-pantalla-2017-01-13-a-las-1-02-40-p-m\/\" data-orig-file=\"https:\/\/i0.wp.com\/tintavital.com\/ix\/wp-content\/uploads\/2017\/01\/Captura-de-pantalla-2017-01-13-a-las-1.02.40-p.m..png?fit=813%2C643\" data-orig-size=\"813,643\" data-comments-opened=\"1\" data-image-meta=\"{&quot;aperture&quot;:&quot;0&quot;,&quot;credit&quot;:&quot;&quot;,&quot;camera&quot;:&quot;&quot;,&quot;caption&quot;:&quot;&quot;,&quot;created_timestamp&quot;:&quot;0&quot;,&quot;copyright&quot;:&quot;&quot;,&quot;focal_length&quot;:&quot;0&quot;,&quot;iso&quot;:&quot;0&quot;,&quot;shutter_speed&quot;:&quot;0&quot;,&quot;title&quot;:&quot;&quot;,&quot;orientation&quot;:&quot;0&quot;}\" data-image-title=\"Captura de pantalla 2017-01-13 a las 1.02.40 p.m.\" data-image-description=\"\" data-image-caption=\"\" data-medium-file=\"https:\/\/i0.wp.com\/tintavital.com\/ix\/wp-content\/uploads\/2017\/01\/Captura-de-pantalla-2017-01-13-a-las-1.02.40-p.m..png?fit=300%2C237\" data-large-file=\"https:\/\/i0.wp.com\/tintavital.com\/ix\/wp-content\/uploads\/2017\/01\/Captura-de-pantalla-2017-01-13-a-las-1.02.40-p.m..png?fit=813%2C643\" loading=\"lazy\" class=\"size-medium wp-image-90 alignleft\" src=\"https:\/\/i0.wp.com\/tintavital.com\/ix\/wp-content\/uploads\/2017\/01\/Captura-de-pantalla-2017-01-13-a-las-1.02.40-p.m..png?resize=300%2C237\" alt=\"\" width=\"300\" height=\"237\" srcset=\"https:\/\/i0.wp.com\/tintavital.com\/ix\/wp-content\/uploads\/2017\/01\/Captura-de-pantalla-2017-01-13-a-las-1.02.40-p.m..png?resize=300%2C237 300w, https:\/\/i0.wp.com\/tintavital.com\/ix\/wp-content\/uploads\/2017\/01\/Captura-de-pantalla-2017-01-13-a-las-1.02.40-p.m..png?resize=768%2C607 768w, https:\/\/i0.wp.com\/tintavital.com\/ix\/wp-content\/uploads\/2017\/01\/Captura-de-pantalla-2017-01-13-a-las-1.02.40-p.m..png?w=813 813w\" sizes=\"(max-width: 300px) 100vw, 300px\" data-recalc-dims=\"1\" \/>Vicepresident, Tinta Vital, S. de R.L. de C.V.<\/p>\n<p>emilio@tintavital.com<\/p>\n<p>A lover of Deep Ecology, Emilio, a Mexican social activist, has devoted his entire life to the environment. He is a permaculturalist with 18 years experience in the fields of bioconstruction techniques, permaculture, eco-techniques and urban agriculture. As a member of the NGO <em>Organi-K, A.C.<\/em> during eight years, he coordinated the <em>M\u00e9xico org\u00e1nico<\/em> project and facilitated several courses and workshops on sustainable human settlements, permaculture and appropriate technologies. He co-founded the <em>Azoteas verdes<\/em> (<em>Green Roofs<\/em>) project and, from its inception, he was a member of the <em>Manos a la tierra<\/em> (<em>Hands to the Earth<\/em>) initiative.<\/p>\n<p>Passionate about information technologies, graphic design and watercolour illustration, he co-founded Tinta Vital to create and promote comic books as a tool for bolstering wilderness conservation.<\/p>","protected":false},"excerpt":{"rendered":"<p>Vicepresident, Tinta Vital, S. de R.L. de C.V. emilio@tintavital.com A lover of Deep Ecology, Emilio, a Mexican social activist, has devoted his entire life to the environment. He is a permaculturalist with 18 years experience in the fields of bioconstruction techniques, permaculture, eco-techniques and urban agriculture. As a member of the NGO Organi-K, A.C. during &hellip; <\/p>\n<p class=\"link-more\"><a href=\"http:\/\/tintavital.com\/ix\/en\/acerca-de-nosotros\/emilio-arias\/\" class=\"more-link\">Read more<span class=\"screen-reader-text\"> &#8220;Emilio Arias&#8221;<\/span><\/a><\/p>\n","protected":false},"author":1,"featured_media":0,"parent":11,"menu_order":0,"comment_status":"closed","ping_status":"closed","template":"","meta":{"advanced_seo_description":"","spay_email":""},"jetpack_sharing_enabled":true,"jetpack_shortlink":"https:\/\/wp.me\/P8i2L5-10","jetpack-related-posts":[{"id":66,"url":"http:\/\/tintavital.com\/ix\/en\/acerca-de-nosotros\/eduardo-guzman\/","url_meta":{"origin":62,"position":0},"title":"Eduardo Guzm\u00e1n","date":"Friday January 13th, 2017","format":false,"excerpt":"Editorial Executive Officer, Tinta Vital, S. de R.L. de C.V. eduardo@tintavital.com Eduardo is a poet and cultural community promoter. With a B.A. in Sociology from Mexico's National Autonomous University (UNAM),\u00a0 he has over 25 years of field experience in Native American and farming communities, promoting self-sustainability, permaculture and community\/environmental culture\u2026","rel":"","context":"Similar post","img":{"alt_text":"","src":"","width":0,"height":0},"classes":[]},{"id":11,"url":"http:\/\/tintavital.com\/ix\/en\/acerca-de-nosotros\/","url_meta":{"origin":62,"position":1},"title":"About us","date":"Friday January 13th, 2017","format":false,"excerpt":"The aim of TINTA VITAL is to develop the capacity to simultaneously work on at least 15 comic book projects for various regions around the world. We are putting together a dynamic team of professional script-writers, illustrators and advisers to produce really good stories laden with humor, romance, dramatic tension,\u2026","rel":"","context":"Similar post","img":{"alt_text":"","src":"","width":0,"height":0},"classes":[]},{"id":58,"url":"http:\/\/tintavital.com\/ix\/en\/acerca-de-nosotros\/english-patricia-monroy\/","url_meta":{"origin":62,"position":2},"title":"Patricia Monroy","date":"Friday January 13th, 2017","format":false,"excerpt":"CEO, Tinta Vital, S. de R.L. de C.V. patricia@tintavital.com Office: + 52 (55) 5082 8119 Mobile: + 52 1 (55) 6706 3296 Patricia has a B. A. on International Relations by Mexico's National Autonomous University (UNAM). Since 2004 she has devoted her life to working for the environment, collaborating with\u2026","rel":"","context":"Similar post","img":{"alt_text":"","src":"","width":0,"height":0},"classes":[]},{"id":50,"url":"http:\/\/tintavital.com\/ix\/en\/acerca-de-nosotros\/beatriz-padilla\/","url_meta":{"origin":62,"position":3},"title":"Beatriz Padilla","date":"Friday January 13th, 2017","format":false,"excerpt":"President, Tinta Vital, S. de R.L. de C.V. President, Fundaci\u00f3n Bi\u00f3sfera del An\u00e1huac, A.C. (FUNBA) beatriz@tintavital.com The Mexican painter beatrizpadilla has devoted her life to the environment from very original perspectives, founding and leading projects such as the design and construction of Mexico\u2019s first transcontinental solar racecar, Mexico\u2019s and Guatemala\u2019s\u2026","rel":"","context":"Similar post","img":{"alt_text":"","src":"","width":0,"height":0},"classes":[]}],"_links":{"self":[{"href":"http:\/\/tintavital.com\/ix\/en\/wp-json\/wp\/v2\/pages\/62"}],"collection":[{"href":"http:\/\/tintavital.com\/ix\/en\/wp-json\/wp\/v2\/pages"}],"about":[{"href":"http:\/\/tintavital.com\/ix\/en\/wp-json\/wp\/v2\/types\/page"}],"author":[{"embeddable":true,"href":"http:\/\/tintavital.com\/ix\/en\/wp-json\/wp\/v2\/users\/1"}],"replies":[{"embeddable":true,"href":"http:\/\/tintavital.com\/ix\/en\/wp-json\/wp\/v2\/comments?post=62"}],"version-history":[{"count":7,"href":"http:\/\/tintavital.com\/ix\/en\/wp-json\/wp\/v2\/pages\/62\/revisions"}],"predecessor-version":[{"id":153,"href":"http:\/\/tintavital.com\/ix\/en\/wp-json\/wp\/v2\/pages\/62\/revisions\/153"}],"up":[{"embeddable":true,"href":"http:\/\/tintavital.com\/ix\/en\/wp-json\/wp\/v2\/pages\/11"}],"wp:attachment":[{"href":"http:\/\/tintavital.com\/ix\/en\/wp-json\/wp\/v2\/media?parent=62"}],"curies":[{"name":"wp","href":"https:\/\/api.w.org\/{rel}","templated":true}]}}