{"id":66,"date":"2017-01-13T10:02:08","date_gmt":"2017-01-13T16:02:08","guid":{"rendered":"http:\/\/tintavital.com\/ix\/?page_id=66"},"modified":"2017-01-18T10:59:15","modified_gmt":"2017-01-18T16:59:15","slug":"eduardo-guzman","status":"publish","type":"page","link":"http:\/\/tintavital.com\/ix\/en\/acerca-de-nosotros\/eduardo-guzman\/","title":{"rendered":"Eduardo Guzm\u00e1n"},"content":{"rendered":"<p><img data-attachment-id=\"87\" data-permalink=\"http:\/\/tintavital.com\/ix\/en\/acerca-de-nosotros\/eduardo-guzman\/lalo\/\" data-orig-file=\"https:\/\/i0.wp.com\/tintavital.com\/ix\/wp-content\/uploads\/2017\/01\/lalo.jpg?fit=300%2C200\" data-orig-size=\"300,200\" data-comments-opened=\"1\" data-image-meta=\"{&quot;aperture&quot;:&quot;0&quot;,&quot;credit&quot;:&quot;&quot;,&quot;camera&quot;:&quot;&quot;,&quot;caption&quot;:&quot;&quot;,&quot;created_timestamp&quot;:&quot;0&quot;,&quot;copyright&quot;:&quot;&quot;,&quot;focal_length&quot;:&quot;0&quot;,&quot;iso&quot;:&quot;0&quot;,&quot;shutter_speed&quot;:&quot;0&quot;,&quot;title&quot;:&quot;&quot;,&quot;orientation&quot;:&quot;0&quot;}\" data-image-title=\"lalo\" data-image-description=\"\" data-image-caption=\"\" data-medium-file=\"https:\/\/i0.wp.com\/tintavital.com\/ix\/wp-content\/uploads\/2017\/01\/lalo.jpg?fit=300%2C200\" data-large-file=\"https:\/\/i0.wp.com\/tintavital.com\/ix\/wp-content\/uploads\/2017\/01\/lalo.jpg?fit=300%2C200\" loading=\"lazy\" class=\"size-medium wp-image-87 alignleft\" src=\"https:\/\/i0.wp.com\/tintavital.com\/ix\/wp-content\/uploads\/2017\/01\/lalo.jpg?resize=300%2C200\" alt=\"\" width=\"300\" height=\"200\" data-recalc-dims=\"1\" \/>Editorial Executive Officer, Tinta Vital, S. de R.L. de C.V. eduardo@tintavital.com<\/p>\n<p>Eduardo is a poet and cultural community promoter. With a B.A. in Sociology from Mexico&#8217;s National Autonomous University (UNAM),\u00a0 he has over 25 years of field experience in Native American and farming communities, promoting self-sustainability, permaculture and community\/environmental culture projects, within public institutions and environmental organizations.<\/p>\n<p>He is the author of the poetry book <em>Trece por cuatro, poemas para recuperar la salud<\/em> (<em>Thirteen by Four, Poems to Recover Health<\/em>). Since 2013 he collaborates with Tinta Vital as scriptwriter of comic books for nature conservation.<\/p>","protected":false},"excerpt":{"rendered":"<p>Editorial Executive Officer, Tinta Vital, S. de R.L. de C.V. eduardo@tintavital.com Eduardo is a poet and cultural community promoter. With a B.A. in Sociology from Mexico&#8217;s National Autonomous University (UNAM),\u00a0 he has over 25 years of field experience in Native American and farming communities, promoting self-sustainability, permaculture and community\/environmental culture projects, within public institutions and &hellip; <\/p>\n<p class=\"link-more\"><a href=\"http:\/\/tintavital.com\/ix\/en\/acerca-de-nosotros\/eduardo-guzman\/\" class=\"more-link\">Read more<span class=\"screen-reader-text\"> &#8220;Eduardo Guzm\u00e1n&#8221;<\/span><\/a><\/p>\n","protected":false},"author":1,"featured_media":0,"parent":11,"menu_order":0,"comment_status":"closed","ping_status":"closed","template":"","meta":{"advanced_seo_description":"","spay_email":""},"jetpack_sharing_enabled":true,"jetpack_shortlink":"https:\/\/wp.me\/P8i2L5-14","jetpack-related-posts":[{"id":62,"url":"http:\/\/tintavital.com\/ix\/en\/acerca-de-nosotros\/emilio-arias\/","url_meta":{"origin":66,"position":0},"title":"Emilio Arias","date":"Friday January 13th, 2017","format":false,"excerpt":"Vicepresident, Tinta Vital, S. de R.L. de C.V. emilio@tintavital.com A lover of Deep Ecology, Emilio, a Mexican social activist, has devoted his entire life to the environment. He is a permaculturalist with 18 years experience in the fields of bioconstruction techniques, permaculture, eco-techniques and urban agriculture. As a member of\u2026","rel":"","context":"Similar post","img":{"alt_text":"","src":"","width":0,"height":0},"classes":[]},{"id":50,"url":"http:\/\/tintavital.com\/ix\/en\/acerca-de-nosotros\/beatriz-padilla\/","url_meta":{"origin":66,"position":1},"title":"Beatriz Padilla","date":"Friday January 13th, 2017","format":false,"excerpt":"President, Tinta Vital, S. de R.L. de C.V. President, Fundaci\u00f3n Bi\u00f3sfera del An\u00e1huac, A.C. (FUNBA) beatriz@tintavital.com The Mexican painter beatrizpadilla has devoted her life to the environment from very original perspectives, founding and leading projects such as the design and construction of Mexico\u2019s first transcontinental solar racecar, Mexico\u2019s and Guatemala\u2019s\u2026","rel":"","context":"Similar post","img":{"alt_text":"","src":"","width":0,"height":0},"classes":[]},{"id":58,"url":"http:\/\/tintavital.com\/ix\/en\/acerca-de-nosotros\/english-patricia-monroy\/","url_meta":{"origin":66,"position":2},"title":"Patricia Monroy","date":"Friday January 13th, 2017","format":false,"excerpt":"CEO, Tinta Vital, S. de R.L. de C.V. patricia@tintavital.com Office: + 52 (55) 5082 8119 Mobile: + 52 1 (55) 6706 3296 Patricia has a B. A. on International Relations by Mexico's National Autonomous University (UNAM). Since 2004 she has devoted her life to working for the environment, collaborating with\u2026","rel":"","context":"Similar post","img":{"alt_text":"","src":"","width":0,"height":0},"classes":[]},{"id":11,"url":"http:\/\/tintavital.com\/ix\/en\/acerca-de-nosotros\/","url_meta":{"origin":66,"position":3},"title":"About us","date":"Friday January 13th, 2017","format":false,"excerpt":"The aim of TINTA VITAL is to develop the capacity to simultaneously work on at least 15 comic book projects for various regions around the world. We are putting together a dynamic team of professional script-writers, illustrators and advisers to produce really good stories laden with humor, romance, dramatic tension,\u2026","rel":"","context":"Similar post","img":{"alt_text":"","src":"","width":0,"height":0},"classes":[]},{"id":13,"url":"http:\/\/tintavital.com\/ix\/en\/por-que-comics\/","url_meta":{"origin":66,"position":4},"title":"Why Comics?","date":"Friday January 13th, 2017","format":false,"excerpt":"The potential success of wilderness preservation lies in the hands of local, rural\u00a0inhabitants who rarely read books, magazines, or newspapers, and seldom have Internet access. But they\u00a0are\u00a0likely to read printed comic books, particularly if these are designed for them, reflect their situation and offer solutions to their livelihoods. TINTA VITAL,\u2026","rel":"","context":"Similar post","img":{"alt_text":"","src":"","width":0,"height":0},"classes":[]},{"id":17,"url":"http:\/\/tintavital.com\/ix\/en\/comics\/","url_meta":{"origin":66,"position":5},"title":"The Secret Of Future Forest\u2026","date":"Friday January 13th, 2017","format":false,"excerpt":"The Secret Of Future Forest Feet On The Ground. Anna's Forest. WILD 10's Nurdlor Enigma.","rel":"","context":"Similar post","img":{"alt_text":"","src":"https:\/\/i0.wp.com\/tintavital.com\/ix\/wp-content\/uploads\/2021\/01\/Los_secretos_de_los_bosques_del_futuro.jpg?resize=350%2C200","width":350,"height":200},"classes":[]}],"_links":{"self":[{"href":"http:\/\/tintavital.com\/ix\/en\/wp-json\/wp\/v2\/pages\/66"}],"collection":[{"href":"http:\/\/tintavital.com\/ix\/en\/wp-json\/wp\/v2\/pages"}],"about":[{"href":"http:\/\/tintavital.com\/ix\/en\/wp-json\/wp\/v2\/types\/page"}],"author":[{"embeddable":true,"href":"http:\/\/tintavital.com\/ix\/en\/wp-json\/wp\/v2\/users\/1"}],"replies":[{"embeddable":true,"href":"http:\/\/tintavital.com\/ix\/en\/wp-json\/wp\/v2\/comments?post=66"}],"version-history":[{"count":14,"href":"http:\/\/tintavital.com\/ix\/en\/wp-json\/wp\/v2\/pages\/66\/revisions"}],"predecessor-version":[{"id":164,"href":"http:\/\/tintavital.com\/ix\/en\/wp-json\/wp\/v2\/pages\/66\/revisions\/164"}],"up":[{"embeddable":true,"href":"http:\/\/tintavital.com\/ix\/en\/wp-json\/wp\/v2\/pages\/11"}],"wp:attachment":[{"href":"http:\/\/tintavital.com\/ix\/en\/wp-json\/wp\/v2\/media?parent=66"}],"curies":[{"name":"wp","href":"https:\/\/api.w.org\/{rel}","templated":true}]}}