{"id":13,"date":"2017-01-13T01:08:35","date_gmt":"2017-01-13T01:08:35","guid":{"rendered":"http:\/\/tintavital.com\/ix\/?page_id=13"},"modified":"2017-01-13T21:55:58","modified_gmt":"2017-01-14T03:55:58","slug":"por-que-comics","status":"publish","type":"page","link":"http:\/\/tintavital.com\/ix\/por-que-comics\/","title":{"rendered":"\u00bfPor qu\u00e9 c\u00f3mics?"},"content":{"rendered":"<p>El \u00e9xito potencial de la conservaci\u00f3n de \u00e1reas silvestres est\u00e1 en manos de los habitantes locales, comunidades rurales que pocas veces leen libros, revistas, o peri\u00f3dicos y en raras ocasiones tienen acceso a Internet. Pero\u00a0<em>s\u00ed\u00a0<\/em>es probable que lean historietas impresas, sobre todo si \u00e9stas est\u00e1n dise\u00f1adas para ellos, si reflejan su situaci\u00f3n y ofrecen soluciones al tema de su sustento. TINTA VITAL, empresa mexicana de reciente creaci\u00f3n, surge para cubrir este frente en la f\u00f3rmula de conservaci\u00f3n.<\/p>\n<p>&nbsp;<\/p>\n<p>Los c\u00f3mics pueden ser altamente efectivos ya que permanecen en el \u00e1rea y pueden ser le\u00eddos m\u00e1s de una vez y por varias personas. Una estrategia bien pensada de c\u00f3mics puede llegar a porcentajes significativos de la poblaci\u00f3n local y, como resultado, los conservacionistas de campo podr\u00e1n entrar a las \u00e1reas silvestres en un ambiente social m\u00e1s amigable y receptivo.<\/p>","protected":false},"excerpt":{"rendered":"<p>El \u00e9xito potencial de la conservaci\u00f3n de \u00e1reas silvestres est\u00e1 en manos de los habitantes locales, comunidades rurales que pocas veces leen libros, revistas, o peri\u00f3dicos y en raras ocasiones tienen acceso a Internet. Pero\u00a0s\u00ed\u00a0es probable que lean historietas impresas, sobre todo si \u00e9stas est\u00e1n dise\u00f1adas para ellos, si reflejan su situaci\u00f3n y ofrecen soluciones &hellip; <\/p>\n<p class=\"link-more\"><a href=\"http:\/\/tintavital.com\/ix\/por-que-comics\/\" class=\"more-link\">Leer m\u00e1s<span class=\"screen-reader-text\"> \u00ab\u00bfPor qu\u00e9 c\u00f3mics?\u00bb<\/span><\/a><\/p>\n","protected":false},"author":1,"featured_media":0,"parent":0,"menu_order":0,"comment_status":"closed","ping_status":"closed","template":"","meta":{"advanced_seo_description":"","spay_email":""},"jetpack_sharing_enabled":true,"jetpack_shortlink":"https:\/\/wp.me\/P8i2L5-d","jetpack-related-posts":[{"id":50,"url":"http:\/\/tintavital.com\/ix\/acerca-de-nosotros\/beatriz-padilla\/","url_meta":{"origin":13,"position":0},"title":"Beatriz Padilla","date":"13 de January de 2017","format":false,"excerpt":"Presidente, Tinta Vital, S. de R.L. de C.V. Presidente, Fundaci\u00f3n Bi\u00f3sfera del An\u00e1huac, A.C. (FUNBA) beatriz@tintavital.com La pintora mexicana beatrizpadilla ha dedicado su vida al tema de medio ambiente desde perspectivas muy originales, fundando y liderando proyectos tales como el dise\u00f1o y la construcci\u00f3n del primer auto solar de carreras\u2026","rel":"","context":"Entrada similar","img":{"alt_text":"","src":"","width":0,"height":0},"classes":[]},{"id":17,"url":"http:\/\/tintavital.com\/ix\/comics\/","url_meta":{"origin":13,"position":1},"title":"Los Secretos de los Bosques\u2026","date":"13 de January de 2017","format":false,"excerpt":"Los Secretos de los Bosques del Futuro Los Pies en la Tierra Todos somos el bosque El Bosque de Ana. WILD 10 el enigma de Nurdlor.","rel":"","context":"Entrada similar","img":{"alt_text":"","src":"https:\/\/i0.wp.com\/tintavital.com\/ix\/wp-content\/uploads\/2021\/01\/Los_secretos_de_los_bosques_del_futuro.jpg?resize=350%2C200","width":350,"height":200},"classes":[]},{"id":62,"url":"http:\/\/tintavital.com\/ix\/acerca-de-nosotros\/emilio-arias\/","url_meta":{"origin":13,"position":2},"title":"Emilio Arias","date":"13 de January de 2017","format":false,"excerpt":"Emilio Arias Vicepresidente, Tinta Vital, S. de R.L. de C.V. emilio@tintavital.com Oficina: (55) 5082 8119 Emilio es un permacultor mexicano amante de la ecolog\u00eda profunda. Cuenta con dieciocho a\u00f1os de experiencia en temas de permacultura, t\u00e9cnicas de bioconstrucci\u00f3n, ecot\u00e9cnias y agricultura urbana. Fue miembro de Organi-K A.C. durante ocho a\u00f1os,\u2026","rel":"","context":"Entrada similar","img":{"alt_text":"","src":"","width":0,"height":0},"classes":[]},{"id":11,"url":"http:\/\/tintavital.com\/ix\/acerca-de-nosotros\/","url_meta":{"origin":13,"position":3},"title":"Acerca de nosotros","date":"13 de January de 2017","format":false,"excerpt":"TINTA VITAL busca desarrollar capacidad para trabajar en por lo menos quince proyectos de c\u00f3mics simult\u00e1neamente para varias regiones del mundo. Estamos integrando un din\u00e1mico y profesional equipo de guionistas, ilustradores y consejeros, a fin de producir muy buenas historias llenas de humor, romance, tensi\u00f3n dram\u00e1tica, personajes carism\u00e1ticos y,\u00a0 por\u2026","rel":"","context":"Entrada similar","img":{"alt_text":"","src":"","width":0,"height":0},"classes":[]},{"id":66,"url":"http:\/\/tintavital.com\/ix\/acerca-de-nosotros\/eduardo-guzman\/","url_meta":{"origin":13,"position":4},"title":"Eduardo Guzm\u00e1n","date":"13 de January de 2017","format":false,"excerpt":"Director Editorial C\u00f3mics \u00a0 \u00a0 \u00a0 \u00a0\u00a0 \u00a0\u00a0 Tinta Vital, S. de R.L. de C.V. eduardo@tintavital.com Eduardo es poeta y promotor cultural comunitario. Licenciado en Sociolog\u00eda por la Universidad Nacional Autonoma de M\u00e9xico (UNAM), cuenta con m\u00e1s de 25 a\u00f1os de experiencia de campo en comunidades ind\u00edgenas y campesinas, impulsando\u2026","rel":"","context":"Entrada similar","img":{"alt_text":"","src":"","width":0,"height":0},"classes":[]},{"id":58,"url":"http:\/\/tintavital.com\/ix\/acerca-de-nosotros\/english-patricia-monroy\/","url_meta":{"origin":13,"position":5},"title":"Patricia Monroy","date":"13 de January de 2017","format":false,"excerpt":"Directora General, Tinta Vital, S. de R.L. de C.V. patricia@tintavital.com Oficina: (55) 5082 8119 M\u00f3vil: + 52 1 (55) 6706 3296 Patricia es Licenciada en Relaciones Internacionales por la Universidad Nacional Aut\u00f3noma de M\u00e9xico (UNAM). Lleva doce a\u00f1os trabajando por el medio ambiente con diversas organizaciones y movimientos ecologistas. Actualmente\u2026","rel":"","context":"Entrada similar","img":{"alt_text":"","src":"","width":0,"height":0},"classes":[]}],"_links":{"self":[{"href":"http:\/\/tintavital.com\/ix\/wp-json\/wp\/v2\/pages\/13"}],"collection":[{"href":"http:\/\/tintavital.com\/ix\/wp-json\/wp\/v2\/pages"}],"about":[{"href":"http:\/\/tintavital.com\/ix\/wp-json\/wp\/v2\/types\/page"}],"author":[{"embeddable":true,"href":"http:\/\/tintavital.com\/ix\/wp-json\/wp\/v2\/users\/1"}],"replies":[{"embeddable":true,"href":"http:\/\/tintavital.com\/ix\/wp-json\/wp\/v2\/comments?post=13"}],"version-history":[{"count":5,"href":"http:\/\/tintavital.com\/ix\/wp-json\/wp\/v2\/pages\/13\/revisions"}],"predecessor-version":[{"id":151,"href":"http:\/\/tintavital.com\/ix\/wp-json\/wp\/v2\/pages\/13\/revisions\/151"}],"wp:attachment":[{"href":"http:\/\/tintavital.com\/ix\/wp-json\/wp\/v2\/media?parent=13"}],"curies":[{"name":"wp","href":"https:\/\/api.w.org\/{rel}","templated":true}]}}