{"id":15,"date":"2017-01-13T01:09:42","date_gmt":"2017-01-13T01:09:42","guid":{"rendered":"http:\/\/tintavital.com\/ix\/?page_id=15"},"modified":"2017-01-13T22:03:47","modified_gmt":"2017-01-14T04:03:47","slug":"contacto","status":"publish","type":"page","link":"http:\/\/tintavital.com\/ix\/contacto\/","title":{"rendered":"Contacto"},"content":{"rendered":"<p>Tel\u00e9fono:\u00a0\u00a0 + 52 (55) 5082 8119<\/p>\n<p>Email:\u00a0\u00a0\u00a0\u00a0\u00a0\u00a0\u00a0\u00a0\u00a0\u00a0 info@tintavital.com<\/p>\n<p>Nuestras oficinas se encuentran en la ciudad de M\u00e9xico.<\/p>\n<p>&nbsp;<\/p>\n<p><div id='contact-form-15'>\n<form action='http:\/\/tintavital.com\/ix\/contacto\/#contact-form-15' method='post' class='contact-form commentsblock'>\n<script>\n\t\t\t( function () {\n\t\t\t\tconst contact_forms = document.getElementsByClassName('contact-form');\n\n\t\t\t\tfor ( const form of contact_forms ) {\n\t\t\t\t\tform.onsubmit = function() {\n\t\t\t\t\t\tconst buttons = form.getElementsByTagName('button');\n\n\t\t\t\t\t\tfor( const button of buttons ) {\n\t\t\t\t\t\t\tbutton.setAttribute('disabled', true);\n\t\t\t\t\t\t}\n\t\t\t\t\t}\n\t\t\t\t}\n\t\t\t} )();\n\t\t<\/script>\n<div class='grunion-field-wrap grunion-field-name-wrap'  >\n<label\n\t\t\t\tfor='g15-nombre'\n\t\t\t\tclass='grunion-field-label name'\n\t\t\t\t>Nombre<span>(obligatorio)<\/span><\/label>\n<input\n\t\t\t\t\ttype='text'\n\t\t\t\t\tname='g15-nombre'\n\t\t\t\t\tid='g15-nombre'\n\t\t\t\t\tvalue=''\n\t\t\t\t\tclass='name' \n\t\t\t\t\trequired aria-required='true'\n\t\t\t\t\/>\n\t<\/div>\n\n<div class='grunion-field-wrap grunion-field-email-wrap'  >\n<label\n\t\t\t\tfor='g15-correoelectrnico'\n\t\t\t\tclass='grunion-field-label email'\n\t\t\t\t>Correo electr\u00f3nico<span>(obligatorio)<\/span><\/label>\n<input\n\t\t\t\t\ttype='email'\n\t\t\t\t\tname='g15-correoelectrnico'\n\t\t\t\t\tid='g15-correoelectrnico'\n\t\t\t\t\tvalue=''\n\t\t\t\t\tclass='email' \n\t\t\t\t\trequired aria-required='true'\n\t\t\t\t\/>\n\t<\/div>\n\n<div class='grunion-field-wrap grunion-field-url-wrap'  >\n<label\n\t\t\t\tfor='g15-sitioweb'\n\t\t\t\tclass='grunion-field-label url'\n\t\t\t\t>Sitio web<\/label>\n<input\n\t\t\t\t\ttype='url'\n\t\t\t\t\tname='g15-sitioweb'\n\t\t\t\t\tid='g15-sitioweb'\n\t\t\t\t\tvalue=''\n\t\t\t\t\tclass='url' \n\t\t\t\t\t\n\t\t\t\t\/>\n\t<\/div>\n\n<div class='grunion-field-wrap grunion-field-textarea-wrap'  >\n<label\n\t\t\t\tfor='contact-form-comment-g15-comentario'\n\t\t\t\tclass='grunion-field-label textarea'\n\t\t\t\t>Comentario<span>(obligatorio)<\/span><\/label>\n<textarea\n\t\t                name='g15-comentario'\n\t\t                id='contact-form-comment-g15-comentario'\n\t\t                rows='20' class='textarea'  required aria-required='true'><\/textarea>\n\t<\/div>\n\t<p class='contact-submit'>\n\t\t<button type='submit' class='pushbutton-wide'>Enviar<\/button>\t\t<input type='hidden' name='contact-form-id' value='15' \/>\n\t\t<input type='hidden' name='action' value='grunion-contact-form' \/>\n\t\t<input type='hidden' name='contact-form-hash' value='8aa94c6c62eac4aede363f9272e9a92fcf6a452f' \/>\n\t<\/p>\n<p style=\"display: none !important;\"><label>&#916;<textarea name=\"ak_hp_textarea\" cols=\"45\" rows=\"8\" maxlength=\"100\"><\/textarea><\/label><input type=\"hidden\" id=\"ak_js_1\" name=\"ak_js\" value=\"53\"\/><script>document.getElementById( \"ak_js_1\" ).setAttribute( \"value\", ( new Date() ).getTime() );<\/script><\/p><\/form>\n<\/div><\/p>","protected":false},"excerpt":{"rendered":"<p>Tel\u00e9fono:\u00a0\u00a0 + 52 (55) 5082 8119 Email:\u00a0\u00a0\u00a0\u00a0\u00a0\u00a0\u00a0\u00a0\u00a0\u00a0 info@tintavital.com Nuestras oficinas se encuentran en la ciudad de M\u00e9xico. &nbsp;<\/p>\n","protected":false},"author":1,"featured_media":0,"parent":0,"menu_order":0,"comment_status":"closed","ping_status":"closed","template":"","meta":{"advanced_seo_description":"","spay_email":""},"jetpack_sharing_enabled":true,"jetpack_shortlink":"https:\/\/wp.me\/P8i2L5-f","jetpack-related-posts":[{"id":58,"url":"http:\/\/tintavital.com\/ix\/acerca-de-nosotros\/english-patricia-monroy\/","url_meta":{"origin":15,"position":0},"title":"Patricia Monroy","date":"13 de January de 2017","format":false,"excerpt":"Directora General, Tinta Vital, S. de R.L. de C.V. patricia@tintavital.com Oficina: (55) 5082 8119 M\u00f3vil: + 52 1 (55) 6706 3296 Patricia es Licenciada en Relaciones Internacionales por la Universidad Nacional Aut\u00f3noma de M\u00e9xico (UNAM). Lleva doce a\u00f1os trabajando por el medio ambiente con diversas organizaciones y movimientos ecologistas. Actualmente\u2026","rel":"","context":"Entrada similar","img":{"alt_text":"","src":"","width":0,"height":0},"classes":[]},{"id":66,"url":"http:\/\/tintavital.com\/ix\/acerca-de-nosotros\/eduardo-guzman\/","url_meta":{"origin":15,"position":1},"title":"Eduardo Guzm\u00e1n","date":"13 de January de 2017","format":false,"excerpt":"Director Editorial C\u00f3mics \u00a0 \u00a0 \u00a0 \u00a0\u00a0 \u00a0\u00a0 Tinta Vital, S. de R.L. de C.V. eduardo@tintavital.com Eduardo es poeta y promotor cultural comunitario. Licenciado en Sociolog\u00eda por la Universidad Nacional Autonoma de M\u00e9xico (UNAM), cuenta con m\u00e1s de 25 a\u00f1os de experiencia de campo en comunidades ind\u00edgenas y campesinas, impulsando\u2026","rel":"","context":"Entrada similar","img":{"alt_text":"","src":"","width":0,"height":0},"classes":[]},{"id":13,"url":"http:\/\/tintavital.com\/ix\/por-que-comics\/","url_meta":{"origin":15,"position":2},"title":"\u00bfPor qu\u00e9 c\u00f3mics?","date":"13 de January de 2017","format":false,"excerpt":"El \u00e9xito potencial de la conservaci\u00f3n de \u00e1reas silvestres est\u00e1 en manos de los habitantes locales, comunidades rurales que pocas veces leen libros, revistas, o peri\u00f3dicos y en raras ocasiones tienen acceso a Internet. Pero\u00a0s\u00ed\u00a0es probable que lean historietas impresas, sobre todo si \u00e9stas est\u00e1n dise\u00f1adas para ellos, si reflejan\u2026","rel":"","context":"Entrada similar","img":{"alt_text":"","src":"","width":0,"height":0},"classes":[]},{"id":62,"url":"http:\/\/tintavital.com\/ix\/acerca-de-nosotros\/emilio-arias\/","url_meta":{"origin":15,"position":3},"title":"Emilio Arias","date":"13 de January de 2017","format":false,"excerpt":"Emilio Arias Vicepresidente, Tinta Vital, S. de R.L. de C.V. emilio@tintavital.com Oficina: (55) 5082 8119 Emilio es un permacultor mexicano amante de la ecolog\u00eda profunda. Cuenta con dieciocho a\u00f1os de experiencia en temas de permacultura, t\u00e9cnicas de bioconstrucci\u00f3n, ecot\u00e9cnias y agricultura urbana. Fue miembro de Organi-K A.C. durante ocho a\u00f1os,\u2026","rel":"","context":"Entrada similar","img":{"alt_text":"","src":"","width":0,"height":0},"classes":[]},{"id":50,"url":"http:\/\/tintavital.com\/ix\/acerca-de-nosotros\/beatriz-padilla\/","url_meta":{"origin":15,"position":4},"title":"Beatriz Padilla","date":"13 de January de 2017","format":false,"excerpt":"Presidente, Tinta Vital, S. de R.L. de C.V. Presidente, Fundaci\u00f3n Bi\u00f3sfera del An\u00e1huac, A.C. (FUNBA) beatriz@tintavital.com La pintora mexicana beatrizpadilla ha dedicado su vida al tema de medio ambiente desde perspectivas muy originales, fundando y liderando proyectos tales como el dise\u00f1o y la construcci\u00f3n del primer auto solar de carreras\u2026","rel":"","context":"Entrada similar","img":{"alt_text":"","src":"","width":0,"height":0},"classes":[]}],"_links":{"self":[{"href":"http:\/\/tintavital.com\/ix\/wp-json\/wp\/v2\/pages\/15"}],"collection":[{"href":"http:\/\/tintavital.com\/ix\/wp-json\/wp\/v2\/pages"}],"about":[{"href":"http:\/\/tintavital.com\/ix\/wp-json\/wp\/v2\/types\/page"}],"author":[{"embeddable":true,"href":"http:\/\/tintavital.com\/ix\/wp-json\/wp\/v2\/users\/1"}],"replies":[{"embeddable":true,"href":"http:\/\/tintavital.com\/ix\/wp-json\/wp\/v2\/comments?post=15"}],"version-history":[{"count":12,"href":"http:\/\/tintavital.com\/ix\/wp-json\/wp\/v2\/pages\/15\/revisions"}],"predecessor-version":[{"id":150,"href":"http:\/\/tintavital.com\/ix\/wp-json\/wp\/v2\/pages\/15\/revisions\/150"}],"wp:attachment":[{"href":"http:\/\/tintavital.com\/ix\/wp-json\/wp\/v2\/media?parent=15"}],"curies":[{"name":"wp","href":"https:\/\/api.w.org\/{rel}","templated":true}]}}