{"id":50,"date":"2017-01-13T09:08:59","date_gmt":"2017-01-13T15:08:59","guid":{"rendered":"http:\/\/tintavital.com\/ix\/?page_id=50"},"modified":"2017-01-13T22:02:08","modified_gmt":"2017-01-14T04:02:08","slug":"beatriz-padilla","status":"publish","type":"page","link":"http:\/\/tintavital.com\/ix\/acerca-de-nosotros\/beatriz-padilla\/","title":{"rendered":"Beatriz Padilla"},"content":{"rendered":"<p><img data-attachment-id=\"84\" data-permalink=\"http:\/\/tintavital.com\/ix\/acerca-de-nosotros\/beatriz-padilla\/bea1-baja-resolucion\/\" data-orig-file=\"https:\/\/i0.wp.com\/tintavital.com\/ix\/wp-content\/uploads\/2017\/01\/Bea1-baja-resolucio\u0301n.jpg?fit=2700%2C1990\" data-orig-size=\"2700,1990\" data-comments-opened=\"1\" data-image-meta=\"{&quot;aperture&quot;:&quot;0&quot;,&quot;credit&quot;:&quot;&quot;,&quot;camera&quot;:&quot;&quot;,&quot;caption&quot;:&quot;&quot;,&quot;created_timestamp&quot;:&quot;0&quot;,&quot;copyright&quot;:&quot;&quot;,&quot;focal_length&quot;:&quot;0&quot;,&quot;iso&quot;:&quot;0&quot;,&quot;shutter_speed&quot;:&quot;0&quot;,&quot;title&quot;:&quot;&quot;,&quot;orientation&quot;:&quot;0&quot;}\" data-image-title=\"Bea1, baja resolucio\u0301n\" data-image-description=\"\" data-image-caption=\"\" data-medium-file=\"https:\/\/i0.wp.com\/tintavital.com\/ix\/wp-content\/uploads\/2017\/01\/Bea1-baja-resolucio\u0301n.jpg?fit=300%2C221\" data-large-file=\"https:\/\/i0.wp.com\/tintavital.com\/ix\/wp-content\/uploads\/2017\/01\/Bea1-baja-resolucio\u0301n.jpg?fit=950%2C700\" loading=\"lazy\" class=\" wp-image-84 alignleft\" src=\"https:\/\/i0.wp.com\/tintavital.com\/ix\/wp-content\/uploads\/2017\/01\/Bea1-baja-resolucio\u0301n.jpg?resize=232%2C168\" alt=\"\" width=\"232\" height=\"168\" data-recalc-dims=\"1\" \/>Presidente, Tinta Vital, S. de R.L. de C.V.<\/p>\n<p>Presidente, Fundaci\u00f3n Bi\u00f3sfera del An\u00e1huac, A.C. (FUNBA)<\/p>\n<p>beatriz@tintavital.com<\/p>\n<p>La pintora mexicana <em>beatrizpadilla <\/em>ha dedicado su vida al tema de medio ambiente desde perspectivas muy originales, fundando y liderando proyectos tales como el dise\u00f1o y la construcci\u00f3n del <strong>primer auto solar de carreras mexicano<\/strong>, los campeonatos interuniversitarios de <strong>carreras de veh\u00edculos el\u00e9ctricos<\/strong> <em>Electrat\u00f3n M\u00e9xico <\/em>y <em>Electrat\u00f3n Guatemala,<\/em> el <strong><em>Consorcio Mexicano de Bater\u00edas Avanzadas<\/em><\/strong>, la creaci\u00f3n de un <strong><em>think-tank <\/em><\/strong>para la conservaci\u00f3n del <strong>Bosque de Agua<\/strong> y la producci\u00f3n de <strong>c\u00f3mics<\/strong> para la conservaci\u00f3n de \u00e1reas silvestres.<\/p>\n<p>En el 2005 inicia su proyecto <strong><em>Expediciones Pict\u00f3ricas para Conservaci\u00f3n de Naturaleza <\/em><\/strong>(www.beatrizpadilla.org). A la fecha lleva 31 expediciones, pintando <strong><em>in situ <\/em><\/strong>\u00e1reas silvestres amenazadas y protegidas del \u00c1frica, Europa, el Caribe y el continente americano. Mediante este proyecto <em>beatrizpadilla <\/em>genera fondos para la conservaci\u00f3n de dos \u00e1reas silvestres con las que tiene un compromiso de largo plazo: el Bosque de Agua del centro de M\u00e9xico y la Selva Maya entre M\u00e9xico y Guatemala.<\/p>","protected":false},"excerpt":{"rendered":"<p>Presidente, Tinta Vital, S. de R.L. de C.V. Presidente, Fundaci\u00f3n Bi\u00f3sfera del An\u00e1huac, A.C. (FUNBA) beatriz@tintavital.com La pintora mexicana beatrizpadilla ha dedicado su vida al tema de medio ambiente desde perspectivas muy originales, fundando y liderando proyectos tales como el dise\u00f1o y la construcci\u00f3n del primer auto solar de carreras mexicano, los campeonatos interuniversitarios de &hellip; <\/p>\n<p class=\"link-more\"><a href=\"http:\/\/tintavital.com\/ix\/acerca-de-nosotros\/beatriz-padilla\/\" class=\"more-link\">Leer m\u00e1s<span class=\"screen-reader-text\"> \u00abBeatriz Padilla\u00bb<\/span><\/a><\/p>\n","protected":false},"author":1,"featured_media":0,"parent":11,"menu_order":0,"comment_status":"closed","ping_status":"closed","template":"","meta":{"advanced_seo_description":"","spay_email":""},"jetpack_sharing_enabled":true,"jetpack_shortlink":"https:\/\/wp.me\/P8i2L5-O","jetpack-related-posts":[{"id":13,"url":"http:\/\/tintavital.com\/ix\/por-que-comics\/","url_meta":{"origin":50,"position":0},"title":"\u00bfPor qu\u00e9 c\u00f3mics?","date":"13 de January de 2017","format":false,"excerpt":"El \u00e9xito potencial de la conservaci\u00f3n de \u00e1reas silvestres est\u00e1 en manos de los habitantes locales, comunidades rurales que pocas veces leen libros, revistas, o peri\u00f3dicos y en raras ocasiones tienen acceso a Internet. Pero\u00a0s\u00ed\u00a0es probable que lean historietas impresas, sobre todo si \u00e9stas est\u00e1n dise\u00f1adas para ellos, si reflejan\u2026","rel":"","context":"Entrada similar","img":{"alt_text":"","src":"","width":0,"height":0},"classes":[]},{"id":62,"url":"http:\/\/tintavital.com\/ix\/acerca-de-nosotros\/emilio-arias\/","url_meta":{"origin":50,"position":1},"title":"Emilio Arias","date":"13 de January de 2017","format":false,"excerpt":"Emilio Arias Vicepresidente, Tinta Vital, S. de R.L. de C.V. emilio@tintavital.com Oficina: (55) 5082 8119 Emilio es un permacultor mexicano amante de la ecolog\u00eda profunda. Cuenta con dieciocho a\u00f1os de experiencia en temas de permacultura, t\u00e9cnicas de bioconstrucci\u00f3n, ecot\u00e9cnias y agricultura urbana. Fue miembro de Organi-K A.C. durante ocho a\u00f1os,\u2026","rel":"","context":"Entrada similar","img":{"alt_text":"","src":"","width":0,"height":0},"classes":[]},{"id":11,"url":"http:\/\/tintavital.com\/ix\/acerca-de-nosotros\/","url_meta":{"origin":50,"position":2},"title":"Acerca de nosotros","date":"13 de January de 2017","format":false,"excerpt":"TINTA VITAL busca desarrollar capacidad para trabajar en por lo menos quince proyectos de c\u00f3mics simult\u00e1neamente para varias regiones del mundo. Estamos integrando un din\u00e1mico y profesional equipo de guionistas, ilustradores y consejeros, a fin de producir muy buenas historias llenas de humor, romance, tensi\u00f3n dram\u00e1tica, personajes carism\u00e1ticos y,\u00a0 por\u2026","rel":"","context":"Entrada similar","img":{"alt_text":"","src":"","width":0,"height":0},"classes":[]},{"id":58,"url":"http:\/\/tintavital.com\/ix\/acerca-de-nosotros\/english-patricia-monroy\/","url_meta":{"origin":50,"position":3},"title":"Patricia Monroy","date":"13 de January de 2017","format":false,"excerpt":"Directora General, Tinta Vital, S. de R.L. de C.V. patricia@tintavital.com Oficina: (55) 5082 8119 M\u00f3vil: + 52 1 (55) 6706 3296 Patricia es Licenciada en Relaciones Internacionales por la Universidad Nacional Aut\u00f3noma de M\u00e9xico (UNAM). Lleva doce a\u00f1os trabajando por el medio ambiente con diversas organizaciones y movimientos ecologistas. Actualmente\u2026","rel":"","context":"Entrada similar","img":{"alt_text":"","src":"","width":0,"height":0},"classes":[]},{"id":66,"url":"http:\/\/tintavital.com\/ix\/acerca-de-nosotros\/eduardo-guzman\/","url_meta":{"origin":50,"position":4},"title":"Eduardo Guzm\u00e1n","date":"13 de January de 2017","format":false,"excerpt":"Director Editorial C\u00f3mics \u00a0 \u00a0 \u00a0 \u00a0\u00a0 \u00a0\u00a0 Tinta Vital, S. de R.L. de C.V. eduardo@tintavital.com Eduardo es poeta y promotor cultural comunitario. Licenciado en Sociolog\u00eda por la Universidad Nacional Autonoma de M\u00e9xico (UNAM), cuenta con m\u00e1s de 25 a\u00f1os de experiencia de campo en comunidades ind\u00edgenas y campesinas, impulsando\u2026","rel":"","context":"Entrada similar","img":{"alt_text":"","src":"","width":0,"height":0},"classes":[]}],"_links":{"self":[{"href":"http:\/\/tintavital.com\/ix\/wp-json\/wp\/v2\/pages\/50"}],"collection":[{"href":"http:\/\/tintavital.com\/ix\/wp-json\/wp\/v2\/pages"}],"about":[{"href":"http:\/\/tintavital.com\/ix\/wp-json\/wp\/v2\/types\/page"}],"author":[{"embeddable":true,"href":"http:\/\/tintavital.com\/ix\/wp-json\/wp\/v2\/users\/1"}],"replies":[{"embeddable":true,"href":"http:\/\/tintavital.com\/ix\/wp-json\/wp\/v2\/comments?post=50"}],"version-history":[{"count":18,"href":"http:\/\/tintavital.com\/ix\/wp-json\/wp\/v2\/pages\/50\/revisions"}],"predecessor-version":[{"id":145,"href":"http:\/\/tintavital.com\/ix\/wp-json\/wp\/v2\/pages\/50\/revisions\/145"}],"up":[{"embeddable":true,"href":"http:\/\/tintavital.com\/ix\/wp-json\/wp\/v2\/pages\/11"}],"wp:attachment":[{"href":"http:\/\/tintavital.com\/ix\/wp-json\/wp\/v2\/media?parent=50"}],"curies":[{"name":"wp","href":"https:\/\/api.w.org\/{rel}","templated":true}]}}