{"id":58,"date":"2017-01-13T09:49:05","date_gmt":"2017-01-13T15:49:05","guid":{"rendered":"http:\/\/tintavital.com\/ix\/?page_id=58"},"modified":"2017-01-13T21:59:21","modified_gmt":"2017-01-14T03:59:21","slug":"english-patricia-monroy","status":"publish","type":"page","link":"http:\/\/tintavital.com\/ix\/acerca-de-nosotros\/english-patricia-monroy\/","title":{"rendered":"Patricia Monroy"},"content":{"rendered":"<p><img data-attachment-id=\"73\" data-permalink=\"http:\/\/tintavital.com\/ix\/acerca-de-nosotros\/english-patricia-monroy\/img_2634\/\" data-orig-file=\"https:\/\/i0.wp.com\/tintavital.com\/ix\/wp-content\/uploads\/2017\/01\/IMG_2634-e1484324648102.jpg?fit=480%2C640\" data-orig-size=\"480,640\" data-comments-opened=\"1\" data-image-meta=\"{&quot;aperture&quot;:&quot;0&quot;,&quot;credit&quot;:&quot;&quot;,&quot;camera&quot;:&quot;&quot;,&quot;caption&quot;:&quot;&quot;,&quot;created_timestamp&quot;:&quot;0&quot;,&quot;copyright&quot;:&quot;&quot;,&quot;focal_length&quot;:&quot;0&quot;,&quot;iso&quot;:&quot;0&quot;,&quot;shutter_speed&quot;:&quot;0&quot;,&quot;title&quot;:&quot;&quot;,&quot;orientation&quot;:&quot;6&quot;}\" data-image-title=\"IMG_2634\" data-image-description=\"\" data-image-caption=\"\" data-medium-file=\"https:\/\/i0.wp.com\/tintavital.com\/ix\/wp-content\/uploads\/2017\/01\/IMG_2634-e1484324648102.jpg?fit=225%2C300\" data-large-file=\"https:\/\/i0.wp.com\/tintavital.com\/ix\/wp-content\/uploads\/2017\/01\/IMG_2634-e1484324648102.jpg?fit=480%2C640\" loading=\"lazy\" class=\"size-medium wp-image-73 alignleft\" src=\"https:\/\/i0.wp.com\/tintavital.com\/ix\/wp-content\/uploads\/2017\/01\/IMG_2634-e1484324648102-225x300.jpg?resize=225%2C300\" alt=\"\" width=\"225\" height=\"300\" srcset=\"https:\/\/i0.wp.com\/tintavital.com\/ix\/wp-content\/uploads\/2017\/01\/IMG_2634-e1484324648102.jpg?resize=225%2C300 225w, https:\/\/i0.wp.com\/tintavital.com\/ix\/wp-content\/uploads\/2017\/01\/IMG_2634-e1484324648102.jpg?w=480 480w\" sizes=\"(max-width: 225px) 100vw, 225px\" data-recalc-dims=\"1\" \/>Directora General, Tinta Vital, S. de R.L. de C.V.<br \/>\npatricia@tintavital.com<br \/>\nOficina: (55) 5082 8119<br \/>\nM\u00f3vil: + 52 1 (55) 6706 3296<\/p>\n<p>Patricia es Licenciada en Relaciones Internacionales por la Universidad Nacional Aut\u00f3noma de M\u00e9xico (UNAM). Lleva doce a\u00f1os trabajando por el medio ambiente con diversas organizaciones y movimientos ecologistas. Actualmente es miembro de Organi-K A.C. donde colabora en un proyecto de manejo de residuos org\u00e1nicos en la Ciudad de M\u00e9xico y coordina proyectos locales en la Mixteca de Oaxaca y en el sitio sagrado de Wirikuta. Es Co-fundadora de la iniciativa Manos a la Tierra y de la empresa Estrategias y Eco-Tecnolog\u00edas Sustentables S.A.P.I. de C.V.<\/p>\n<p>Fue Program Manager en The Climate Reality Project M\u00e9xico y Am\u00e9rica Latina (TCRP Mx &amp; LATAM) donde coordin\u00f3 por cuatro a\u00f1os la red de l\u00edderes clim\u00e1ticos entrenados por el Premio Nobel de la Paz, Al Gore. Durante cinco a\u00f1os fue enlace con la Organizaci\u00f3n de las Naciones Unidas en Global Youth Action Network cap\u00edtulo M\u00e9xico (iniciativa de TakingITGlobal).<\/p>","protected":false},"excerpt":{"rendered":"<p>Directora General, Tinta Vital, S. de R.L. de C.V. patricia@tintavital.com Oficina: (55) 5082 8119 M\u00f3vil: + 52 1 (55) 6706 3296 Patricia es Licenciada en Relaciones Internacionales por la Universidad Nacional Aut\u00f3noma de M\u00e9xico (UNAM). Lleva doce a\u00f1os trabajando por el medio ambiente con diversas organizaciones y movimientos ecologistas. Actualmente es miembro de Organi-K A.C. &hellip; <\/p>\n<p class=\"link-more\"><a href=\"http:\/\/tintavital.com\/ix\/acerca-de-nosotros\/english-patricia-monroy\/\" class=\"more-link\">Leer m\u00e1s<span class=\"screen-reader-text\"> \u00abPatricia Monroy\u00bb<\/span><\/a><\/p>\n","protected":false},"author":1,"featured_media":0,"parent":11,"menu_order":0,"comment_status":"closed","ping_status":"closed","template":"","meta":{"advanced_seo_description":"","spay_email":""},"jetpack_sharing_enabled":true,"jetpack_shortlink":"https:\/\/wp.me\/P8i2L5-W","jetpack-related-posts":[{"id":62,"url":"http:\/\/tintavital.com\/ix\/acerca-de-nosotros\/emilio-arias\/","url_meta":{"origin":58,"position":0},"title":"Emilio Arias","date":"13 de January de 2017","format":false,"excerpt":"Emilio Arias Vicepresidente, Tinta Vital, S. de R.L. de C.V. emilio@tintavital.com Oficina: (55) 5082 8119 Emilio es un permacultor mexicano amante de la ecolog\u00eda profunda. Cuenta con dieciocho a\u00f1os de experiencia en temas de permacultura, t\u00e9cnicas de bioconstrucci\u00f3n, ecot\u00e9cnias y agricultura urbana. Fue miembro de Organi-K A.C. durante ocho a\u00f1os,\u2026","rel":"","context":"Entrada similar","img":{"alt_text":"","src":"","width":0,"height":0},"classes":[]},{"id":66,"url":"http:\/\/tintavital.com\/ix\/acerca-de-nosotros\/eduardo-guzman\/","url_meta":{"origin":58,"position":1},"title":"Eduardo Guzm\u00e1n","date":"13 de January de 2017","format":false,"excerpt":"Director Editorial C\u00f3mics \u00a0 \u00a0 \u00a0 \u00a0\u00a0 \u00a0\u00a0 Tinta Vital, S. de R.L. de C.V. eduardo@tintavital.com Eduardo es poeta y promotor cultural comunitario. Licenciado en Sociolog\u00eda por la Universidad Nacional Autonoma de M\u00e9xico (UNAM), cuenta con m\u00e1s de 25 a\u00f1os de experiencia de campo en comunidades ind\u00edgenas y campesinas, impulsando\u2026","rel":"","context":"Entrada similar","img":{"alt_text":"","src":"","width":0,"height":0},"classes":[]},{"id":50,"url":"http:\/\/tintavital.com\/ix\/acerca-de-nosotros\/beatriz-padilla\/","url_meta":{"origin":58,"position":2},"title":"Beatriz Padilla","date":"13 de January de 2017","format":false,"excerpt":"Presidente, Tinta Vital, S. de R.L. de C.V. Presidente, Fundaci\u00f3n Bi\u00f3sfera del An\u00e1huac, A.C. (FUNBA) beatriz@tintavital.com La pintora mexicana beatrizpadilla ha dedicado su vida al tema de medio ambiente desde perspectivas muy originales, fundando y liderando proyectos tales como el dise\u00f1o y la construcci\u00f3n del primer auto solar de carreras\u2026","rel":"","context":"Entrada similar","img":{"alt_text":"","src":"","width":0,"height":0},"classes":[]},{"id":11,"url":"http:\/\/tintavital.com\/ix\/acerca-de-nosotros\/","url_meta":{"origin":58,"position":3},"title":"Acerca de nosotros","date":"13 de January de 2017","format":false,"excerpt":"TINTA VITAL busca desarrollar capacidad para trabajar en por lo menos quince proyectos de c\u00f3mics simult\u00e1neamente para varias regiones del mundo. Estamos integrando un din\u00e1mico y profesional equipo de guionistas, ilustradores y consejeros, a fin de producir muy buenas historias llenas de humor, romance, tensi\u00f3n dram\u00e1tica, personajes carism\u00e1ticos y,\u00a0 por\u2026","rel":"","context":"Entrada similar","img":{"alt_text":"","src":"","width":0,"height":0},"classes":[]},{"id":15,"url":"http:\/\/tintavital.com\/ix\/contacto\/","url_meta":{"origin":58,"position":4},"title":"Contacto","date":"13 de January de 2017","format":false,"excerpt":"Tel\u00e9fono:\u00a0\u00a0 + 52 (55) 5082 8119 Email:\u00a0\u00a0\u00a0\u00a0\u00a0\u00a0\u00a0\u00a0\u00a0\u00a0 info@tintavital.com Nuestras oficinas se encuentran en la ciudad de M\u00e9xico. \u00a0","rel":"","context":"Entrada similar","img":{"alt_text":"","src":"","width":0,"height":0},"classes":[]},{"id":13,"url":"http:\/\/tintavital.com\/ix\/por-que-comics\/","url_meta":{"origin":58,"position":5},"title":"\u00bfPor qu\u00e9 c\u00f3mics?","date":"13 de January de 2017","format":false,"excerpt":"El \u00e9xito potencial de la conservaci\u00f3n de \u00e1reas silvestres est\u00e1 en manos de los habitantes locales, comunidades rurales que pocas veces leen libros, revistas, o peri\u00f3dicos y en raras ocasiones tienen acceso a Internet. Pero\u00a0s\u00ed\u00a0es probable que lean historietas impresas, sobre todo si \u00e9stas est\u00e1n dise\u00f1adas para ellos, si reflejan\u2026","rel":"","context":"Entrada similar","img":{"alt_text":"","src":"","width":0,"height":0},"classes":[]}],"_links":{"self":[{"href":"http:\/\/tintavital.com\/ix\/wp-json\/wp\/v2\/pages\/58"}],"collection":[{"href":"http:\/\/tintavital.com\/ix\/wp-json\/wp\/v2\/pages"}],"about":[{"href":"http:\/\/tintavital.com\/ix\/wp-json\/wp\/v2\/types\/page"}],"author":[{"embeddable":true,"href":"http:\/\/tintavital.com\/ix\/wp-json\/wp\/v2\/users\/1"}],"replies":[{"embeddable":true,"href":"http:\/\/tintavital.com\/ix\/wp-json\/wp\/v2\/comments?post=58"}],"version-history":[{"count":19,"href":"http:\/\/tintavital.com\/ix\/wp-json\/wp\/v2\/pages\/58\/revisions"}],"predecessor-version":[{"id":152,"href":"http:\/\/tintavital.com\/ix\/wp-json\/wp\/v2\/pages\/58\/revisions\/152"}],"up":[{"embeddable":true,"href":"http:\/\/tintavital.com\/ix\/wp-json\/wp\/v2\/pages\/11"}],"wp:attachment":[{"href":"http:\/\/tintavital.com\/ix\/wp-json\/wp\/v2\/media?parent=58"}],"curies":[{"name":"wp","href":"https:\/\/api.w.org\/{rel}","templated":true}]}}