{"id":62,"date":"2017-01-13T09:57:49","date_gmt":"2017-01-13T15:57:49","guid":{"rendered":"http:\/\/tintavital.com\/ix\/?page_id=62"},"modified":"2017-01-13T22:00:32","modified_gmt":"2017-01-14T04:00:32","slug":"emilio-arias","status":"publish","type":"page","link":"http:\/\/tintavital.com\/ix\/acerca-de-nosotros\/emilio-arias\/","title":{"rendered":"Emilio Arias"},"content":{"rendered":"<p><img data-attachment-id=\"90\" data-permalink=\"http:\/\/tintavital.com\/ix\/acerca-de-nosotros\/emilio-arias\/captura-de-pantalla-2017-01-13-a-las-1-02-40-p-m\/\" data-orig-file=\"https:\/\/i0.wp.com\/tintavital.com\/ix\/wp-content\/uploads\/2017\/01\/Captura-de-pantalla-2017-01-13-a-las-1.02.40-p.m..png?fit=813%2C643\" data-orig-size=\"813,643\" data-comments-opened=\"1\" data-image-meta=\"{&quot;aperture&quot;:&quot;0&quot;,&quot;credit&quot;:&quot;&quot;,&quot;camera&quot;:&quot;&quot;,&quot;caption&quot;:&quot;&quot;,&quot;created_timestamp&quot;:&quot;0&quot;,&quot;copyright&quot;:&quot;&quot;,&quot;focal_length&quot;:&quot;0&quot;,&quot;iso&quot;:&quot;0&quot;,&quot;shutter_speed&quot;:&quot;0&quot;,&quot;title&quot;:&quot;&quot;,&quot;orientation&quot;:&quot;0&quot;}\" data-image-title=\"Captura de pantalla 2017-01-13 a las 1.02.40 p.m.\" data-image-description=\"\" data-image-caption=\"\" data-medium-file=\"https:\/\/i0.wp.com\/tintavital.com\/ix\/wp-content\/uploads\/2017\/01\/Captura-de-pantalla-2017-01-13-a-las-1.02.40-p.m..png?fit=300%2C237\" data-large-file=\"https:\/\/i0.wp.com\/tintavital.com\/ix\/wp-content\/uploads\/2017\/01\/Captura-de-pantalla-2017-01-13-a-las-1.02.40-p.m..png?fit=813%2C643\" loading=\"lazy\" class=\"size-medium wp-image-90 alignleft\" src=\"https:\/\/i0.wp.com\/tintavital.com\/ix\/wp-content\/uploads\/2017\/01\/Captura-de-pantalla-2017-01-13-a-las-1.02.40-p.m..png?resize=300%2C237\" alt=\"\" width=\"300\" height=\"237\" srcset=\"https:\/\/i0.wp.com\/tintavital.com\/ix\/wp-content\/uploads\/2017\/01\/Captura-de-pantalla-2017-01-13-a-las-1.02.40-p.m..png?resize=300%2C237 300w, https:\/\/i0.wp.com\/tintavital.com\/ix\/wp-content\/uploads\/2017\/01\/Captura-de-pantalla-2017-01-13-a-las-1.02.40-p.m..png?resize=768%2C607 768w, https:\/\/i0.wp.com\/tintavital.com\/ix\/wp-content\/uploads\/2017\/01\/Captura-de-pantalla-2017-01-13-a-las-1.02.40-p.m..png?w=813 813w\" sizes=\"(max-width: 300px) 100vw, 300px\" data-recalc-dims=\"1\" \/>Emilio Arias<br \/>\nVicepresidente, Tinta Vital, S. de R.L. de C.V.<br \/>\nemilio@tintavital.com<br \/>\nOficina: (55) 5082 8119<\/p>\n<p>Emilio es un permacultor mexicano amante de la ecolog\u00eda profunda. Cuenta con dieciocho a\u00f1os de experiencia en temas de permacultura, t\u00e9cnicas de bioconstrucci\u00f3n, ecot\u00e9cnias y agricultura urbana. Fue miembro de Organi-K A.C. durante ocho a\u00f1os, donde coordin\u00f3 el proyecto M\u00e9xico org\u00e1nico y facilit\u00f3 diversos cursos y talleres sobre asentamientos humanos sustentables, permacultura y tecnolog\u00eda apropiada. Co-fundador del proyecto Azoteas Verdes, as\u00ed como integrante de la iniciativa Manos a la Tierra desde su fundaci\u00f3n.<br \/>\nApasionado de la inform\u00e1tica, el dise\u00f1o gr\u00e1fico y la ilustraci\u00f3n en acuarela. Ha decidido dedicar parte de su vida a la promoci\u00f3n y creaci\u00f3n de comics como herramienta para generar conciencia para la conservaci\u00f3n de la naturaleza.<\/p>","protected":false},"excerpt":{"rendered":"<p>Emilio Arias Vicepresidente, Tinta Vital, S. de R.L. de C.V. emilio@tintavital.com Oficina: (55) 5082 8119 Emilio es un permacultor mexicano amante de la ecolog\u00eda profunda. Cuenta con dieciocho a\u00f1os de experiencia en temas de permacultura, t\u00e9cnicas de bioconstrucci\u00f3n, ecot\u00e9cnias y agricultura urbana. Fue miembro de Organi-K A.C. durante ocho a\u00f1os, donde coordin\u00f3 el proyecto M\u00e9xico &hellip; <\/p>\n<p class=\"link-more\"><a href=\"http:\/\/tintavital.com\/ix\/acerca-de-nosotros\/emilio-arias\/\" class=\"more-link\">Leer m\u00e1s<span class=\"screen-reader-text\"> \u00abEmilio Arias\u00bb<\/span><\/a><\/p>\n","protected":false},"author":1,"featured_media":0,"parent":11,"menu_order":0,"comment_status":"closed","ping_status":"closed","template":"","meta":{"advanced_seo_description":"","spay_email":""},"jetpack_sharing_enabled":true,"jetpack_shortlink":"https:\/\/wp.me\/P8i2L5-10","jetpack-related-posts":[{"id":66,"url":"http:\/\/tintavital.com\/ix\/acerca-de-nosotros\/eduardo-guzman\/","url_meta":{"origin":62,"position":0},"title":"Eduardo Guzm\u00e1n","date":"13 de January de 2017","format":false,"excerpt":"Director Editorial C\u00f3mics \u00a0 \u00a0 \u00a0 \u00a0\u00a0 \u00a0\u00a0 Tinta Vital, S. de R.L. de C.V. eduardo@tintavital.com Eduardo es poeta y promotor cultural comunitario. Licenciado en Sociolog\u00eda por la Universidad Nacional Autonoma de M\u00e9xico (UNAM), cuenta con m\u00e1s de 25 a\u00f1os de experiencia de campo en comunidades ind\u00edgenas y campesinas, impulsando\u2026","rel":"","context":"Entrada similar","img":{"alt_text":"","src":"","width":0,"height":0},"classes":[]},{"id":11,"url":"http:\/\/tintavital.com\/ix\/acerca-de-nosotros\/","url_meta":{"origin":62,"position":1},"title":"Acerca de nosotros","date":"13 de January de 2017","format":false,"excerpt":"TINTA VITAL busca desarrollar capacidad para trabajar en por lo menos quince proyectos de c\u00f3mics simult\u00e1neamente para varias regiones del mundo. Estamos integrando un din\u00e1mico y profesional equipo de guionistas, ilustradores y consejeros, a fin de producir muy buenas historias llenas de humor, romance, tensi\u00f3n dram\u00e1tica, personajes carism\u00e1ticos y,\u00a0 por\u2026","rel":"","context":"Entrada similar","img":{"alt_text":"","src":"","width":0,"height":0},"classes":[]},{"id":58,"url":"http:\/\/tintavital.com\/ix\/acerca-de-nosotros\/english-patricia-monroy\/","url_meta":{"origin":62,"position":2},"title":"Patricia Monroy","date":"13 de January de 2017","format":false,"excerpt":"Directora General, Tinta Vital, S. de R.L. de C.V. patricia@tintavital.com Oficina: (55) 5082 8119 M\u00f3vil: + 52 1 (55) 6706 3296 Patricia es Licenciada en Relaciones Internacionales por la Universidad Nacional Aut\u00f3noma de M\u00e9xico (UNAM). Lleva doce a\u00f1os trabajando por el medio ambiente con diversas organizaciones y movimientos ecologistas. Actualmente\u2026","rel":"","context":"Entrada similar","img":{"alt_text":"","src":"","width":0,"height":0},"classes":[]},{"id":50,"url":"http:\/\/tintavital.com\/ix\/acerca-de-nosotros\/beatriz-padilla\/","url_meta":{"origin":62,"position":3},"title":"Beatriz Padilla","date":"13 de January de 2017","format":false,"excerpt":"Presidente, Tinta Vital, S. de R.L. de C.V. Presidente, Fundaci\u00f3n Bi\u00f3sfera del An\u00e1huac, A.C. (FUNBA) beatriz@tintavital.com La pintora mexicana beatrizpadilla ha dedicado su vida al tema de medio ambiente desde perspectivas muy originales, fundando y liderando proyectos tales como el dise\u00f1o y la construcci\u00f3n del primer auto solar de carreras\u2026","rel":"","context":"Entrada similar","img":{"alt_text":"","src":"","width":0,"height":0},"classes":[]}],"_links":{"self":[{"href":"http:\/\/tintavital.com\/ix\/wp-json\/wp\/v2\/pages\/62"}],"collection":[{"href":"http:\/\/tintavital.com\/ix\/wp-json\/wp\/v2\/pages"}],"about":[{"href":"http:\/\/tintavital.com\/ix\/wp-json\/wp\/v2\/types\/page"}],"author":[{"embeddable":true,"href":"http:\/\/tintavital.com\/ix\/wp-json\/wp\/v2\/users\/1"}],"replies":[{"embeddable":true,"href":"http:\/\/tintavital.com\/ix\/wp-json\/wp\/v2\/comments?post=62"}],"version-history":[{"count":7,"href":"http:\/\/tintavital.com\/ix\/wp-json\/wp\/v2\/pages\/62\/revisions"}],"predecessor-version":[{"id":153,"href":"http:\/\/tintavital.com\/ix\/wp-json\/wp\/v2\/pages\/62\/revisions\/153"}],"up":[{"embeddable":true,"href":"http:\/\/tintavital.com\/ix\/wp-json\/wp\/v2\/pages\/11"}],"wp:attachment":[{"href":"http:\/\/tintavital.com\/ix\/wp-json\/wp\/v2\/media?parent=62"}],"curies":[{"name":"wp","href":"https:\/\/api.w.org\/{rel}","templated":true}]}}