{"id":66,"date":"2017-01-13T10:02:08","date_gmt":"2017-01-13T16:02:08","guid":{"rendered":"http:\/\/tintavital.com\/ix\/?page_id=66"},"modified":"2017-01-18T10:59:15","modified_gmt":"2017-01-18T16:59:15","slug":"eduardo-guzman","status":"publish","type":"page","link":"http:\/\/tintavital.com\/ix\/acerca-de-nosotros\/eduardo-guzman\/","title":{"rendered":"Eduardo Guzm\u00e1n"},"content":{"rendered":"<p><img data-attachment-id=\"87\" data-permalink=\"http:\/\/tintavital.com\/ix\/acerca-de-nosotros\/eduardo-guzman\/lalo\/\" data-orig-file=\"https:\/\/i0.wp.com\/tintavital.com\/ix\/wp-content\/uploads\/2017\/01\/lalo.jpg?fit=300%2C200\" data-orig-size=\"300,200\" data-comments-opened=\"1\" data-image-meta=\"{&quot;aperture&quot;:&quot;0&quot;,&quot;credit&quot;:&quot;&quot;,&quot;camera&quot;:&quot;&quot;,&quot;caption&quot;:&quot;&quot;,&quot;created_timestamp&quot;:&quot;0&quot;,&quot;copyright&quot;:&quot;&quot;,&quot;focal_length&quot;:&quot;0&quot;,&quot;iso&quot;:&quot;0&quot;,&quot;shutter_speed&quot;:&quot;0&quot;,&quot;title&quot;:&quot;&quot;,&quot;orientation&quot;:&quot;0&quot;}\" data-image-title=\"lalo\" data-image-description=\"\" data-image-caption=\"\" data-medium-file=\"https:\/\/i0.wp.com\/tintavital.com\/ix\/wp-content\/uploads\/2017\/01\/lalo.jpg?fit=300%2C200\" data-large-file=\"https:\/\/i0.wp.com\/tintavital.com\/ix\/wp-content\/uploads\/2017\/01\/lalo.jpg?fit=300%2C200\" loading=\"lazy\" class=\"size-medium wp-image-87 alignleft\" src=\"https:\/\/i0.wp.com\/tintavital.com\/ix\/wp-content\/uploads\/2017\/01\/lalo.jpg?resize=300%2C200\" alt=\"\" width=\"300\" height=\"200\" data-recalc-dims=\"1\" \/>Director Editorial C\u00f3mics \u00a0 \u00a0 \u00a0 \u00a0\u00a0 \u00a0\u00a0 Tinta Vital, S. de R.L. de C.V.<br \/>\neduardo@tintavital.com<\/p>\n<p>Eduardo es poeta y promotor cultural comunitario. Licenciado en Sociolog\u00eda por la Universidad Nacional Autonoma de M\u00e9xico (UNAM), cuenta con m\u00e1s de 25 a\u00f1os de experiencia de campo en comunidades ind\u00edgenas y campesinas, impulsando proyectos de autosustentabilidad, permacultura y cultura comunitaria\/ambiental, dentro de instituciones p\u00fablicas y de organizaciones ambientalistas.<\/p>\n<p>Es autor del libro <em>Trece por cuatro. Poemas para recuperar la salud<\/em>. Desde hace cuatro a\u00f1os colabora en Tinta Vital como guionista de c\u00f3mics con perfil ambientalista.<\/p>\n<p>&nbsp;<\/p>","protected":false},"excerpt":{"rendered":"<p>Director Editorial C\u00f3mics \u00a0 \u00a0 \u00a0 \u00a0\u00a0 \u00a0\u00a0 Tinta Vital, S. de R.L. de C.V. eduardo@tintavital.com Eduardo es poeta y promotor cultural comunitario. Licenciado en Sociolog\u00eda por la Universidad Nacional Autonoma de M\u00e9xico (UNAM), cuenta con m\u00e1s de 25 a\u00f1os de experiencia de campo en comunidades ind\u00edgenas y campesinas, impulsando proyectos de autosustentabilidad, permacultura y &hellip; <\/p>\n<p class=\"link-more\"><a href=\"http:\/\/tintavital.com\/ix\/acerca-de-nosotros\/eduardo-guzman\/\" class=\"more-link\">Leer m\u00e1s<span class=\"screen-reader-text\"> \u00abEduardo Guzm\u00e1n\u00bb<\/span><\/a><\/p>\n","protected":false},"author":1,"featured_media":0,"parent":11,"menu_order":0,"comment_status":"closed","ping_status":"closed","template":"","meta":{"advanced_seo_description":"","spay_email":""},"jetpack_sharing_enabled":true,"jetpack_shortlink":"https:\/\/wp.me\/P8i2L5-14","jetpack-related-posts":[{"id":62,"url":"http:\/\/tintavital.com\/ix\/acerca-de-nosotros\/emilio-arias\/","url_meta":{"origin":66,"position":0},"title":"Emilio Arias","date":"13 de January de 2017","format":false,"excerpt":"Emilio Arias Vicepresidente, Tinta Vital, S. de R.L. de C.V. emilio@tintavital.com Oficina: (55) 5082 8119 Emilio es un permacultor mexicano amante de la ecolog\u00eda profunda. Cuenta con dieciocho a\u00f1os de experiencia en temas de permacultura, t\u00e9cnicas de bioconstrucci\u00f3n, ecot\u00e9cnias y agricultura urbana. Fue miembro de Organi-K A.C. durante ocho a\u00f1os,\u2026","rel":"","context":"Entrada similar","img":{"alt_text":"","src":"","width":0,"height":0},"classes":[]},{"id":50,"url":"http:\/\/tintavital.com\/ix\/acerca-de-nosotros\/beatriz-padilla\/","url_meta":{"origin":66,"position":1},"title":"Beatriz Padilla","date":"13 de January de 2017","format":false,"excerpt":"Presidente, Tinta Vital, S. de R.L. de C.V. Presidente, Fundaci\u00f3n Bi\u00f3sfera del An\u00e1huac, A.C. (FUNBA) beatriz@tintavital.com La pintora mexicana beatrizpadilla ha dedicado su vida al tema de medio ambiente desde perspectivas muy originales, fundando y liderando proyectos tales como el dise\u00f1o y la construcci\u00f3n del primer auto solar de carreras\u2026","rel":"","context":"Entrada similar","img":{"alt_text":"","src":"","width":0,"height":0},"classes":[]},{"id":58,"url":"http:\/\/tintavital.com\/ix\/acerca-de-nosotros\/english-patricia-monroy\/","url_meta":{"origin":66,"position":2},"title":"Patricia Monroy","date":"13 de January de 2017","format":false,"excerpt":"Directora General, Tinta Vital, S. de R.L. de C.V. patricia@tintavital.com Oficina: (55) 5082 8119 M\u00f3vil: + 52 1 (55) 6706 3296 Patricia es Licenciada en Relaciones Internacionales por la Universidad Nacional Aut\u00f3noma de M\u00e9xico (UNAM). Lleva doce a\u00f1os trabajando por el medio ambiente con diversas organizaciones y movimientos ecologistas. Actualmente\u2026","rel":"","context":"Entrada similar","img":{"alt_text":"","src":"","width":0,"height":0},"classes":[]},{"id":11,"url":"http:\/\/tintavital.com\/ix\/acerca-de-nosotros\/","url_meta":{"origin":66,"position":3},"title":"Acerca de nosotros","date":"13 de January de 2017","format":false,"excerpt":"TINTA VITAL busca desarrollar capacidad para trabajar en por lo menos quince proyectos de c\u00f3mics simult\u00e1neamente para varias regiones del mundo. Estamos integrando un din\u00e1mico y profesional equipo de guionistas, ilustradores y consejeros, a fin de producir muy buenas historias llenas de humor, romance, tensi\u00f3n dram\u00e1tica, personajes carism\u00e1ticos y,\u00a0 por\u2026","rel":"","context":"Entrada similar","img":{"alt_text":"","src":"","width":0,"height":0},"classes":[]},{"id":13,"url":"http:\/\/tintavital.com\/ix\/por-que-comics\/","url_meta":{"origin":66,"position":4},"title":"\u00bfPor qu\u00e9 c\u00f3mics?","date":"13 de January de 2017","format":false,"excerpt":"El \u00e9xito potencial de la conservaci\u00f3n de \u00e1reas silvestres est\u00e1 en manos de los habitantes locales, comunidades rurales que pocas veces leen libros, revistas, o peri\u00f3dicos y en raras ocasiones tienen acceso a Internet. Pero\u00a0s\u00ed\u00a0es probable que lean historietas impresas, sobre todo si \u00e9stas est\u00e1n dise\u00f1adas para ellos, si reflejan\u2026","rel":"","context":"Entrada similar","img":{"alt_text":"","src":"","width":0,"height":0},"classes":[]},{"id":17,"url":"http:\/\/tintavital.com\/ix\/comics\/","url_meta":{"origin":66,"position":5},"title":"Los Secretos de los Bosques\u2026","date":"13 de January de 2017","format":false,"excerpt":"Los Secretos de los Bosques del Futuro Los Pies en la Tierra Todos somos el bosque El Bosque de Ana. WILD 10 el enigma de Nurdlor.","rel":"","context":"Entrada similar","img":{"alt_text":"","src":"https:\/\/i0.wp.com\/tintavital.com\/ix\/wp-content\/uploads\/2021\/01\/Los_secretos_de_los_bosques_del_futuro.jpg?resize=350%2C200","width":350,"height":200},"classes":[]}],"_links":{"self":[{"href":"http:\/\/tintavital.com\/ix\/wp-json\/wp\/v2\/pages\/66"}],"collection":[{"href":"http:\/\/tintavital.com\/ix\/wp-json\/wp\/v2\/pages"}],"about":[{"href":"http:\/\/tintavital.com\/ix\/wp-json\/wp\/v2\/types\/page"}],"author":[{"embeddable":true,"href":"http:\/\/tintavital.com\/ix\/wp-json\/wp\/v2\/users\/1"}],"replies":[{"embeddable":true,"href":"http:\/\/tintavital.com\/ix\/wp-json\/wp\/v2\/comments?post=66"}],"version-history":[{"count":14,"href":"http:\/\/tintavital.com\/ix\/wp-json\/wp\/v2\/pages\/66\/revisions"}],"predecessor-version":[{"id":164,"href":"http:\/\/tintavital.com\/ix\/wp-json\/wp\/v2\/pages\/66\/revisions\/164"}],"up":[{"embeddable":true,"href":"http:\/\/tintavital.com\/ix\/wp-json\/wp\/v2\/pages\/11"}],"wp:attachment":[{"href":"http:\/\/tintavital.com\/ix\/wp-json\/wp\/v2\/media?parent=66"}],"curies":[{"name":"wp","href":"https:\/\/api.w.org\/{rel}","templated":true}]}}